{"id":1353,"date":"2025-01-10T17:30:37","date_gmt":"2025-01-10T16:30:37","guid":{"rendered":"https:\/\/indie.rent\/catalogue\/produit\/machine-a-fumee-look-unique\/"},"modified":"2026-04-14T17:17:00","modified_gmt":"2026-04-14T15:17:00","slug":"machine-a-fumee-look-unique","status":"publish","type":"product","link":"https:\/\/indie.rent\/catalogue\/produit\/machine-a-fumee-look-unique\/","title":{"rendered":"Machine \u00e0 fum\u00e9e Look Unique"},"content":{"rendered":"<p>Machine \u00e0 fum\u00e9e Look Unique 2.1 230V Hazer<\/p>\n","protected":false},"excerpt":{"rendered":"<p>Machine \u00e0 fum\u00e9e Look Unique 2.1 230V Hazer<\/p>\n","protected":false},"featured_media":3515,"template":"","meta":{"inline_featured_image":false},"product_brand":[],"product_cat":[2101],"product_tag":[],"class_list":{"0":"post-1353","1":"product","2":"type-product","3":"status-publish","4":"has-post-thumbnail","6":"product_cat-machine-a-brouillard-fumee","8":"first","9":"instock","10":"taxable","11":"shipping-taxable","12":"purchasable","13":"product-type-rentable"},"acf":[],"_links":{"self":[{"href":"https:\/\/indie.rent\/catalogue\/wp-json\/wp\/v2\/product\/1353","targetHints":{"allow":["GET"]}}],"collection":[{"href":"https:\/\/indie.rent\/catalogue\/wp-json\/wp\/v2\/product"}],"about":[{"href":"https:\/\/indie.rent\/catalogue\/wp-json\/wp\/v2\/types\/product"}],"version-history":[{"count":0,"href":"https:\/\/indie.rent\/catalogue\/wp-json\/wp\/v2\/product\/1353\/revisions"}],"wp:featuredmedia":[{"embeddable":true,"href":"https:\/\/indie.rent\/catalogue\/wp-json\/wp\/v2\/media\/3515"}],"wp:attachment":[{"href":"https:\/\/indie.rent\/catalogue\/wp-json\/wp\/v2\/media?parent=1353"}],"wp:term":[{"taxonomy":"product_brand","embeddable":true,"href":"https:\/\/indie.rent\/catalogue\/wp-json\/wp\/v2\/product_brand?post=1353"},{"taxonomy":"product_cat","embeddable":true,"href":"https:\/\/indie.rent\/catalogue\/wp-json\/wp\/v2\/product_cat?post=1353"},{"taxonomy":"product_tag","embeddable":true,"href":"https:\/\/indie.rent\/catalogue\/wp-json\/wp\/v2\/product_tag?post=1353"}],"curies":[{"name":"wp","href":"https:\/\/api.w.org\/{rel}","templated":true}]}}