{"id":1352,"date":"2025-01-10T17:30:37","date_gmt":"2025-01-10T16:30:37","guid":{"rendered":"https:\/\/indie.rent\/catalogue\/produit\/cadre-lastolite-skylite-2x2m\/"},"modified":"2026-04-10T09:51:56","modified_gmt":"2026-04-10T07:51:56","slug":"cadre-lastolite-skylite-2x2m","status":"publish","type":"product","link":"https:\/\/indie.rent\/catalogue\/produit\/cadre-lastolite-skylite-2x2m\/","title":{"rendered":"Cadre Lastolite Skylite 2x2m"},"content":{"rendered":"<p>Cadre 2x2m Lastolite<\/p>\n<p>Le cadre de diffusion Lastolite Skylite est un cadre tr\u00e8s facile d&#8217;installation et d&#8217;utilisation permettant de diffuser la lumi\u00e8re sur une surface de 2m x 2m. Fourni avec un r\u00e9flecteur argent\/blanc il est aussi tr\u00e8s pratique pour refl\u00e9ter une source importante sur une grande surface. Fabriqu\u00e9 en aluminium, le cadre se d\u00e9marque par sa l\u00e9g\u00e8ret\u00e9 et sa facilit\u00e9 de transport et de montage qui en font un cadre utilisable dans toutes sortes de situations, aussi bien en vid\u00e9o, fiction qu&#8217;en photographie. Il peut tout \u00e0 fait \u00eatre utilis\u00e9 par des petites \u00e9quipes ou en prises de vues solo. <\/p>\n<p>Ce cadre s&#8217;adapte sur une rotule et donc sur tout type de support \u00e9largissant sa diversit\u00e9 d&#8217;utilisation. Les toiles se clipsent \u00e0 l&#8217;aide de crochets tr\u00e8s rapides et faciles \u00e0 installer.<\/p>\n<p>         Voir cette publication sur Instagram            Une publication partag\u00e9e par Indie Loc (@indie_la_location) le 13 Avril 2017 \u00e0 4 :09 PDT<\/p>\n","protected":false},"excerpt":{"rendered":"<p>Cadre 2x2m Lastolite Le cadre de diffusion Lastolite Skylite est un cadre tr\u00e8s facile d&#8217;installation et d&#8217;utilisation permettant de diffuser la lumi\u00e8re sur une surface de 2m x 2m. Fourni avec un r\u00e9flecteur argent\/blanc il est aussi tr\u00e8s pratique pour refl\u00e9ter une source importante sur une grande surface. Fabriqu\u00e9 en aluminium, le cadre se d\u00e9marque [&hellip;]<\/p>\n","protected":false},"featured_media":3504,"template":"","meta":{"inline_featured_image":false},"product_brand":[],"product_cat":[2118],"product_tag":[],"class_list":{"0":"post-1352","1":"product","2":"type-product","3":"status-publish","4":"has-post-thumbnail","6":"product_cat-reflecteur-pliable","8":"first","9":"instock","10":"taxable","11":"shipping-taxable","12":"purchasable","13":"product-type-rentable"},"acf":[],"_links":{"self":[{"href":"https:\/\/indie.rent\/catalogue\/wp-json\/wp\/v2\/product\/1352","targetHints":{"allow":["GET"]}}],"collection":[{"href":"https:\/\/indie.rent\/catalogue\/wp-json\/wp\/v2\/product"}],"about":[{"href":"https:\/\/indie.rent\/catalogue\/wp-json\/wp\/v2\/types\/product"}],"version-history":[{"count":0,"href":"https:\/\/indie.rent\/catalogue\/wp-json\/wp\/v2\/product\/1352\/revisions"}],"wp:featuredmedia":[{"embeddable":true,"href":"https:\/\/indie.rent\/catalogue\/wp-json\/wp\/v2\/media\/3504"}],"wp:attachment":[{"href":"https:\/\/indie.rent\/catalogue\/wp-json\/wp\/v2\/media?parent=1352"}],"wp:term":[{"taxonomy":"product_brand","embeddable":true,"href":"https:\/\/indie.rent\/catalogue\/wp-json\/wp\/v2\/product_brand?post=1352"},{"taxonomy":"product_cat","embeddable":true,"href":"https:\/\/indie.rent\/catalogue\/wp-json\/wp\/v2\/product_cat?post=1352"},{"taxonomy":"product_tag","embeddable":true,"href":"https:\/\/indie.rent\/catalogue\/wp-json\/wp\/v2\/product_tag?post=1352"}],"curies":[{"name":"wp","href":"https:\/\/api.w.org\/{rel}","templated":true}]}}