{"id":1347,"date":"2025-01-10T17:30:35","date_gmt":"2025-01-10T16:30:35","guid":{"rendered":"https:\/\/indie.rent\/catalogue\/produit\/bague-dadaptation-ef-vers-sony-e\/"},"modified":"2026-04-16T18:13:02","modified_gmt":"2026-04-16T16:13:02","slug":"bague-dadaptation-ef-vers-sony-e","status":"publish","type":"product","link":"https:\/\/indie.rent\/catalogue\/produit\/bague-dadaptation-ef-vers-sony-e\/","title":{"rendered":"Bague d&#8217;Adaptation EF vers Sony E"},"content":{"rendered":"<p>Avec cette bague d&#8217;adaptation Metabones, \u00e9tendez le parc optique de votre bo\u00eetier Sony. Utilisez vos objectifs de monture Canon EF sur votre bo\u00eetier de monture Sony E.<\/p>\n<p>\u00a0<\/p>\n","protected":false},"excerpt":{"rendered":"<p>Avec cette bague d&#8217;adaptation Metabones, \u00e9tendez le parc optique de votre bo\u00eetier Sony. Utilisez vos objectifs de monture Canon EF sur votre bo\u00eetier de monture Sony E. \u00a0<\/p>\n","protected":false},"featured_media":2667,"template":"","meta":{"inline_featured_image":false},"product_brand":[],"product_cat":[1959],"product_tag":[],"class_list":{"0":"post-1347","1":"product","2":"type-product","3":"status-publish","4":"has-post-thumbnail","6":"product_cat-bague-adaptation","8":"first","9":"instock","10":"taxable","11":"shipping-taxable","12":"purchasable","13":"product-type-rentable"},"acf":[],"_links":{"self":[{"href":"https:\/\/indie.rent\/catalogue\/wp-json\/wp\/v2\/product\/1347","targetHints":{"allow":["GET"]}}],"collection":[{"href":"https:\/\/indie.rent\/catalogue\/wp-json\/wp\/v2\/product"}],"about":[{"href":"https:\/\/indie.rent\/catalogue\/wp-json\/wp\/v2\/types\/product"}],"version-history":[{"count":0,"href":"https:\/\/indie.rent\/catalogue\/wp-json\/wp\/v2\/product\/1347\/revisions"}],"wp:featuredmedia":[{"embeddable":true,"href":"https:\/\/indie.rent\/catalogue\/wp-json\/wp\/v2\/media\/2667"}],"wp:attachment":[{"href":"https:\/\/indie.rent\/catalogue\/wp-json\/wp\/v2\/media?parent=1347"}],"wp:term":[{"taxonomy":"product_brand","embeddable":true,"href":"https:\/\/indie.rent\/catalogue\/wp-json\/wp\/v2\/product_brand?post=1347"},{"taxonomy":"product_cat","embeddable":true,"href":"https:\/\/indie.rent\/catalogue\/wp-json\/wp\/v2\/product_cat?post=1347"},{"taxonomy":"product_tag","embeddable":true,"href":"https:\/\/indie.rent\/catalogue\/wp-json\/wp\/v2\/product_tag?post=1347"}],"curies":[{"name":"wp","href":"https:\/\/api.w.org\/{rel}","templated":true}]}}