{"id":1338,"date":"2025-01-10T17:30:32","date_gmt":"2025-01-10T16:30:32","guid":{"rendered":"https:\/\/indie.rent\/catalogue\/produit\/silverdome-medium-nxt\/"},"modified":"2026-04-15T17:41:54","modified_gmt":"2026-04-15T15:41:54","slug":"silverdome-medium-nxt","status":"publish","type":"product","link":"https:\/\/indie.rent\/catalogue\/produit\/silverdome-medium-nxt\/","title":{"rendered":"Silverdome Medium NXT"},"content":{"rendered":"<p>La Softbox Silverdome Medium de Photoflex permet une polyvalence d&#8217;utilisation sur de multiple projecteur allant jusqu&#8217;\u00e0 2000w. Elle est ainsi une bonne alternative au chimera Video Pro Plus. Elle est fourni sans speedring mais s&#8217;adapte \u00e0 de tr\u00e8s nombreux mod\u00e8les.<\/p>\n","protected":false},"excerpt":{"rendered":"<p>La Softbox Silverdome Medium de Photoflex permet une polyvalence d&#8217;utilisation sur de multiple projecteur allant jusqu&#8217;\u00e0 2000w. Elle est ainsi une bonne alternative au chimera Video Pro Plus. Elle est fourni sans speedring mais s&#8217;adapte \u00e0 de tr\u00e8s nombreux mod\u00e8les.<\/p>\n","protected":false},"featured_media":2538,"template":"","meta":{"inline_featured_image":false},"product_brand":[],"product_cat":[2098],"product_tag":[],"class_list":{"0":"post-1338","1":"product","2":"type-product","3":"status-publish","4":"has-post-thumbnail","6":"product_cat-boite-a-lumiere","8":"first","9":"instock","10":"featured","11":"taxable","12":"shipping-taxable","13":"purchasable","14":"product-type-rentable"},"acf":[],"_links":{"self":[{"href":"https:\/\/indie.rent\/catalogue\/wp-json\/wp\/v2\/product\/1338","targetHints":{"allow":["GET"]}}],"collection":[{"href":"https:\/\/indie.rent\/catalogue\/wp-json\/wp\/v2\/product"}],"about":[{"href":"https:\/\/indie.rent\/catalogue\/wp-json\/wp\/v2\/types\/product"}],"version-history":[{"count":0,"href":"https:\/\/indie.rent\/catalogue\/wp-json\/wp\/v2\/product\/1338\/revisions"}],"wp:featuredmedia":[{"embeddable":true,"href":"https:\/\/indie.rent\/catalogue\/wp-json\/wp\/v2\/media\/2538"}],"wp:attachment":[{"href":"https:\/\/indie.rent\/catalogue\/wp-json\/wp\/v2\/media?parent=1338"}],"wp:term":[{"taxonomy":"product_brand","embeddable":true,"href":"https:\/\/indie.rent\/catalogue\/wp-json\/wp\/v2\/product_brand?post=1338"},{"taxonomy":"product_cat","embeddable":true,"href":"https:\/\/indie.rent\/catalogue\/wp-json\/wp\/v2\/product_cat?post=1338"},{"taxonomy":"product_tag","embeddable":true,"href":"https:\/\/indie.rent\/catalogue\/wp-json\/wp\/v2\/product_tag?post=1338"}],"curies":[{"name":"wp","href":"https:\/\/api.w.org\/{rel}","templated":true}]}}