{"id":1334,"date":"2025-01-10T17:30:31","date_gmt":"2025-01-10T16:30:31","guid":{"rendered":"https:\/\/indie.rent\/catalogue\/produit\/cadre-pliable-avec-fixations-8x-8-240x240cm-sans-toiles\/"},"modified":"2026-04-16T18:03:51","modified_gmt":"2026-04-16T16:03:51","slug":"cadre-pliable-avec-fixations-8x-8-240x240cm-sans-toiles","status":"publish","type":"product","link":"https:\/\/indie.rent\/catalogue\/produit\/cadre-pliable-avec-fixations-8x-8-240x240cm-sans-toiles\/","title":{"rendered":"Cadre Pliable avec fixations 8&#8217;x 8&#8217;\/ 240x240cm sans toiles"},"content":{"rendered":"<p>Le cadre pliable avec fixations pour pieds est un cadre compact de 240 x 240 cm. Ce cadre au design Cardellini b\u00e9n\u00e9ficie d\u2019une structure unique qui se plie et se d\u00e9plie. Si vous avez besoin de passer rapidement d\u2019un plateau \u00e0 un autre, il suffit de retirer les fixations du cadre, de replier le cadre et de le transporter avec la toile, sans la retirer du cadre ! Ensuite, re-d\u00e9pliez le cadre et fixez-le sur une paire de pieds lumi\u00e8re avec rotule pour reprendre le travail. Les cadres pliables sont id\u00e9aux pour les transports en camion type Sprinter entre les studios.<\/p>\n<p>Dimensions de transport : 252,5 x 15 x 3 cm<br \/>Poids : 11,3kg<br \/>Mat\u00e9riaux : Aluminium<\/p>\n","protected":false},"excerpt":{"rendered":"<p>Le cadre pliable avec fixations pour pieds est un cadre compact de 240 x 240 cm. Ce cadre au design Cardellini b\u00e9n\u00e9ficie d\u2019une structure unique qui se plie et se d\u00e9plie. Si vous avez besoin de passer rapidement d\u2019un plateau \u00e0 un autre, il suffit de retirer les fixations du cadre, de replier le cadre [&hellip;]<\/p>\n","protected":false},"featured_media":3634,"template":"","meta":{"inline_featured_image":false},"product_brand":[],"product_cat":[2116],"product_tag":[],"class_list":{"0":"post-1334","1":"product","2":"type-product","3":"status-publish","4":"has-post-thumbnail","6":"product_cat-cadres","8":"first","9":"instock","10":"featured","11":"taxable","12":"shipping-taxable","13":"purchasable","14":"product-type-rentable"},"acf":[],"_links":{"self":[{"href":"https:\/\/indie.rent\/catalogue\/wp-json\/wp\/v2\/product\/1334","targetHints":{"allow":["GET"]}}],"collection":[{"href":"https:\/\/indie.rent\/catalogue\/wp-json\/wp\/v2\/product"}],"about":[{"href":"https:\/\/indie.rent\/catalogue\/wp-json\/wp\/v2\/types\/product"}],"version-history":[{"count":0,"href":"https:\/\/indie.rent\/catalogue\/wp-json\/wp\/v2\/product\/1334\/revisions"}],"wp:featuredmedia":[{"embeddable":true,"href":"https:\/\/indie.rent\/catalogue\/wp-json\/wp\/v2\/media\/3634"}],"wp:attachment":[{"href":"https:\/\/indie.rent\/catalogue\/wp-json\/wp\/v2\/media?parent=1334"}],"wp:term":[{"taxonomy":"product_brand","embeddable":true,"href":"https:\/\/indie.rent\/catalogue\/wp-json\/wp\/v2\/product_brand?post=1334"},{"taxonomy":"product_cat","embeddable":true,"href":"https:\/\/indie.rent\/catalogue\/wp-json\/wp\/v2\/product_cat?post=1334"},{"taxonomy":"product_tag","embeddable":true,"href":"https:\/\/indie.rent\/catalogue\/wp-json\/wp\/v2\/product_tag?post=1334"}],"curies":[{"name":"wp","href":"https:\/\/api.w.org\/{rel}","templated":true}]}}