{"id":1307,"date":"2025-01-10T17:30:24","date_gmt":"2025-01-10T16:30:24","guid":{"rendered":"https:\/\/indie.rent\/catalogue\/produit\/filtre-nisi-nd-vario-1-5-5-stops-circulaire-o-114mm\/"},"modified":"2026-04-15T17:30:50","modified_gmt":"2026-04-15T15:30:50","slug":"filtre-nisi-nd-vario-1-5-5-stops-circulaire-o-114mm","status":"publish","type":"product","link":"https:\/\/indie.rent\/catalogue\/produit\/filtre-nisi-nd-vario-1-5-5-stops-circulaire-o-114mm\/","title":{"rendered":"Filtre NiSi ND-Vario 1.5-5 Stops \u2013 Circulaire \u00d8 114mm"},"content":{"rendered":"<p>Filtre NiSi ND-VARIO PRO Nano Enhance 1.5-5 Stops<\/p>\n<p>Filtre ND \u00e0 densit\u00e9 variable , r\u00e9duction de la vitesse d\u2019obturation de 1.5 \u00e0 5 Stops<br \/>Qualit\u00e9 de verre optique sup\u00e9rieure et traitement multi-couches professionnel<br \/>Couleurs contrast\u00e9es, sans perte de nettet\u00e9<br \/>Aucun effet \u201cX\u201d<br \/>Ultra fin, vis ergonomique<\/p>\n","protected":false},"excerpt":{"rendered":"<p>Filtre NiSi ND-VARIO PRO Nano Enhance 1.5-5 Stops Filtre ND \u00e0 densit\u00e9 variable , r\u00e9duction de la vitesse d\u2019obturation de 1.5 \u00e0 5 StopsQualit\u00e9 de verre optique sup\u00e9rieure et traitement multi-couches professionnelCouleurs contrast\u00e9es, sans perte de nettet\u00e9Aucun effet \u201cX\u201dUltra fin, vis ergonomique<\/p>\n","protected":false},"featured_media":2365,"template":"","meta":{"inline_featured_image":false},"product_brand":[],"product_cat":[1943],"product_tag":[],"class_list":{"0":"post-1307","1":"product","2":"type-product","3":"status-publish","4":"has-post-thumbnail","6":"product_cat-filtres-circulaires","8":"first","9":"instock","10":"taxable","11":"shipping-taxable","12":"purchasable","13":"product-type-rentable"},"acf":[],"_links":{"self":[{"href":"https:\/\/indie.rent\/catalogue\/wp-json\/wp\/v2\/product\/1307","targetHints":{"allow":["GET"]}}],"collection":[{"href":"https:\/\/indie.rent\/catalogue\/wp-json\/wp\/v2\/product"}],"about":[{"href":"https:\/\/indie.rent\/catalogue\/wp-json\/wp\/v2\/types\/product"}],"version-history":[{"count":0,"href":"https:\/\/indie.rent\/catalogue\/wp-json\/wp\/v2\/product\/1307\/revisions"}],"wp:featuredmedia":[{"embeddable":true,"href":"https:\/\/indie.rent\/catalogue\/wp-json\/wp\/v2\/media\/2365"}],"wp:attachment":[{"href":"https:\/\/indie.rent\/catalogue\/wp-json\/wp\/v2\/media?parent=1307"}],"wp:term":[{"taxonomy":"product_brand","embeddable":true,"href":"https:\/\/indie.rent\/catalogue\/wp-json\/wp\/v2\/product_brand?post=1307"},{"taxonomy":"product_cat","embeddable":true,"href":"https:\/\/indie.rent\/catalogue\/wp-json\/wp\/v2\/product_cat?post=1307"},{"taxonomy":"product_tag","embeddable":true,"href":"https:\/\/indie.rent\/catalogue\/wp-json\/wp\/v2\/product_tag?post=1307"}],"curies":[{"name":"wp","href":"https:\/\/api.w.org\/{rel}","templated":true}]}}