{"id":1285,"date":"2025-01-10T17:30:08","date_gmt":"2025-01-10T16:30:08","guid":{"rendered":"https:\/\/indie.rent\/catalogue\/produit\/bague-dadaptation-speed-booster-ef-vers-sony-e-en-mode-aps-c-s35\/"},"modified":"2026-04-16T17:16:23","modified_gmt":"2026-04-16T15:16:23","slug":"bague-dadaptation-speed-booster-ef-vers-sony-e-en-mode-aps-c-s35","status":"publish","type":"product","link":"https:\/\/indie.rent\/catalogue\/produit\/bague-dadaptation-speed-booster-ef-vers-sony-e-en-mode-aps-c-s35\/","title":{"rendered":"Bague d&#8217;Adaptation Speed Booster EF vers Sony E (en mode APS-C \/ S35)"},"content":{"rendered":"<p>L\u2019adaptateur T Speed \u200b\u200bBooster Ultra 0.71x permet d\u2019installer un objectif Canon de monture EF int\u00e9gr\u00e9 sur une cam\u00e9ra Sony de monture E en mode APS-C \/ Super 35.<\/p>\n<p>La bague d&#8217;adaptation pour objectifs Canon EF sur monture Sony E T Speed Booster ULTRA 0.71x s&#8217;am\u00e9liore par rapport \u00e0 la Metabones Speed Booster avec une structure en 5 \u00e9l\u00e9ments divis\u00e9s en 4 groupes incorporant du verre \u00e0 base de tantale ayant un index de r\u00e9fraction tr\u00e8s \u00e9lev\u00e9 pour une plus grande pr\u00e9cision et une r\u00e9duction de la distorsion et du vignettage. <br \/>Le Speed Booster Ultra permet de monter un objectif Canon EF sur un boitier en monture Sony E de format APS-C ce qui, par cons\u00e9quent, augmente l&#8217;angle de prise de vue et l&#8217;ouverture maximale.<br \/>Le Speed Booster condense la lumi\u00e8re de l&#8217;objectif et la projette sur le capteur APS, ce qui permet d&#8217;utiliser toute la lumi\u00e8re de l&#8217;objectif et de r\u00e9duire le &#8220;Crop Factor&#8221;, donnant un angle de prise de vue plus large aux capteurs APS-C.<br \/>Une augmentation du maximum de l&#8217;ouverture d&#8217;un f\/stop rend la lentille plus performante en basse lumi\u00e8re et lui donne la possibilit\u00e9 de cr\u00e9er un r\u00e9el bokeh d&#8217;arri\u00e8re-plan.<br \/>La lentille va physiquement s&#8217;ajuster et le diaphragme automatique et autres fonctions ne seront pas affect\u00e9s.<br \/>L&#8217;int\u00e9rieur noir mat r\u00e9duit les r\u00e9flexions internes et l&#8217;ext\u00e9rieur \u00e0 finition noire satin\u00e9e correspond \u00e0 la plupart des boitiers et objectifs. Cette bague poss\u00e8de un pied amovible compatible Arca Swiss et Markins.<\/p>\n<p>Liens vers les optiques et cam\u00e9ras compatibles: https:\/\/www.metabones.com\/products\/details\/MB_SPEF-E-BT2<\/p>\n","protected":false},"excerpt":{"rendered":"<p>L\u2019adaptateur T Speed \u200b\u200bBooster Ultra 0.71x permet d\u2019installer un objectif Canon de monture EF int\u00e9gr\u00e9 sur une cam\u00e9ra Sony de monture E en mode APS-C \/ Super 35. La bague d&#8217;adaptation pour objectifs Canon EF sur monture Sony E T Speed Booster ULTRA 0.71x s&#8217;am\u00e9liore par rapport \u00e0 la Metabones Speed Booster avec une structure [&hellip;]<\/p>\n","protected":false},"featured_media":2072,"template":"","meta":{"inline_featured_image":false},"product_brand":[],"product_cat":[1959],"product_tag":[],"class_list":{"0":"post-1285","1":"product","2":"type-product","3":"status-publish","4":"has-post-thumbnail","6":"product_cat-bague-adaptation","8":"first","9":"instock","10":"taxable","11":"shipping-taxable","12":"purchasable","13":"product-type-rentable"},"acf":[],"_links":{"self":[{"href":"https:\/\/indie.rent\/catalogue\/wp-json\/wp\/v2\/product\/1285","targetHints":{"allow":["GET"]}}],"collection":[{"href":"https:\/\/indie.rent\/catalogue\/wp-json\/wp\/v2\/product"}],"about":[{"href":"https:\/\/indie.rent\/catalogue\/wp-json\/wp\/v2\/types\/product"}],"version-history":[{"count":0,"href":"https:\/\/indie.rent\/catalogue\/wp-json\/wp\/v2\/product\/1285\/revisions"}],"wp:featuredmedia":[{"embeddable":true,"href":"https:\/\/indie.rent\/catalogue\/wp-json\/wp\/v2\/media\/2072"}],"wp:attachment":[{"href":"https:\/\/indie.rent\/catalogue\/wp-json\/wp\/v2\/media?parent=1285"}],"wp:term":[{"taxonomy":"product_brand","embeddable":true,"href":"https:\/\/indie.rent\/catalogue\/wp-json\/wp\/v2\/product_brand?post=1285"},{"taxonomy":"product_cat","embeddable":true,"href":"https:\/\/indie.rent\/catalogue\/wp-json\/wp\/v2\/product_cat?post=1285"},{"taxonomy":"product_tag","embeddable":true,"href":"https:\/\/indie.rent\/catalogue\/wp-json\/wp\/v2\/product_tag?post=1285"}],"curies":[{"name":"wp","href":"https:\/\/api.w.org\/{rel}","templated":true}]}}