{"id":1281,"date":"2025-01-10T17:30:06","date_gmt":"2025-01-10T16:30:06","guid":{"rendered":"https:\/\/indie.rent\/catalogue\/produit\/filtre-clear-formatt-hitech-4x5-6\/"},"modified":"2026-04-16T18:36:16","modified_gmt":"2026-04-16T16:36:16","slug":"filtre-clear-formatt-hitech-4x5-6","status":"publish","type":"product","link":"https:\/\/indie.rent\/catalogue\/produit\/filtre-clear-formatt-hitech-4x5-6\/","title":{"rendered":"Filtre Clear Formatt Hitech- 4&#215;5.6&#8243;"},"content":{"rendered":"<p>Filtre clear 4&#215;5.6<\/p>\n<p>Les filtres Clear, totalement transparents, n&#8217;affectent pas la balance des couleurs ni le contraste. Ils sont indispensables lorsqu&#8217;il s&#8217;agit de prot\u00e9ger les objectifs\/optiques des cam\u00e9ras. Ils sont trait\u00e9s anti-reflet et filtrent \u00e9galement quelques rayons UV<\/p>\n","protected":false},"excerpt":{"rendered":"<p>Filtre clear 4&#215;5.6 Les filtres Clear, totalement transparents, n&#8217;affectent pas la balance des couleurs ni le contraste. Ils sont indispensables lorsqu&#8217;il s&#8217;agit de prot\u00e9ger les objectifs\/optiques des cam\u00e9ras. Ils sont trait\u00e9s anti-reflet et filtrent \u00e9galement quelques rayons UV<\/p>\n","protected":false},"featured_media":1952,"template":"","meta":{"inline_featured_image":false},"product_brand":[],"product_cat":[1942],"product_tag":[],"class_list":{"0":"post-1281","1":"product","2":"type-product","3":"status-publish","4":"has-post-thumbnail","6":"product_cat-filtres-protection","8":"first","9":"instock","10":"taxable","11":"shipping-taxable","12":"purchasable","13":"product-type-rentable"},"acf":[],"_links":{"self":[{"href":"https:\/\/indie.rent\/catalogue\/wp-json\/wp\/v2\/product\/1281","targetHints":{"allow":["GET"]}}],"collection":[{"href":"https:\/\/indie.rent\/catalogue\/wp-json\/wp\/v2\/product"}],"about":[{"href":"https:\/\/indie.rent\/catalogue\/wp-json\/wp\/v2\/types\/product"}],"version-history":[{"count":0,"href":"https:\/\/indie.rent\/catalogue\/wp-json\/wp\/v2\/product\/1281\/revisions"}],"wp:featuredmedia":[{"embeddable":true,"href":"https:\/\/indie.rent\/catalogue\/wp-json\/wp\/v2\/media\/1952"}],"wp:attachment":[{"href":"https:\/\/indie.rent\/catalogue\/wp-json\/wp\/v2\/media?parent=1281"}],"wp:term":[{"taxonomy":"product_brand","embeddable":true,"href":"https:\/\/indie.rent\/catalogue\/wp-json\/wp\/v2\/product_brand?post=1281"},{"taxonomy":"product_cat","embeddable":true,"href":"https:\/\/indie.rent\/catalogue\/wp-json\/wp\/v2\/product_cat?post=1281"},{"taxonomy":"product_tag","embeddable":true,"href":"https:\/\/indie.rent\/catalogue\/wp-json\/wp\/v2\/product_tag?post=1281"}],"curies":[{"name":"wp","href":"https:\/\/api.w.org\/{rel}","templated":true}]}}