{"id":1278,"date":"2025-01-10T17:30:04","date_gmt":"2025-01-10T16:30:04","guid":{"rendered":"https:\/\/indie.rent\/catalogue\/produit\/glace-maquillage-angimage\/"},"modified":"2026-04-13T18:21:53","modified_gmt":"2026-04-13T16:21:53","slug":"glace-maquillage-angimage","status":"publish","type":"product","link":"https:\/\/indie.rent\/catalogue\/produit\/glace-maquillage-angimage\/","title":{"rendered":"Glace Maquillage &#8211; Angimage"},"content":{"rendered":"<p>Venez louer chez nous votre glace maquillage &#8211; Fluos 3200K<\/p>\n<p>Cette glace maquillage poss\u00e8de 3 volets avec, pour chacun, un miroir incrust\u00e9, 3 tubes n\u00e9ons, 1 interrupteur ainsi qu\u2019une prise pour brancher vos accessoires.<br \/>Les 3 tubes n\u00e9ons de 18w (soit 54w au total) sont plac\u00e9s sur le miroir central de la glace maquillage.<\/p>\n<p>Caract\u00e9ristiques : <br \/>Son poids est de 19kg.<br \/>Dimensions en position ferm\u00e9e : L 65cm x l 11cm x H 67cm.<br \/>Dimensions en position ouverte : L 130cm x l 11cm x H 67cm.<\/p>\n","protected":false},"excerpt":{"rendered":"<p>Venez louer chez nous votre glace maquillage &#8211; Fluos 3200K Cette glace maquillage poss\u00e8de 3 volets avec, pour chacun, un miroir incrust\u00e9, 3 tubes n\u00e9ons, 1 interrupteur ainsi qu\u2019une prise pour brancher vos accessoires.Les 3 tubes n\u00e9ons de 18w (soit 54w au total) sont plac\u00e9s sur le miroir central de la glace maquillage. Caract\u00e9ristiques : [&hellip;]<\/p>\n","protected":false},"featured_media":1901,"template":"","meta":{"inline_featured_image":false},"product_brand":[],"product_cat":[2149],"product_tag":[],"class_list":{"0":"post-1278","1":"product","2":"type-product","3":"status-publish","4":"has-post-thumbnail","6":"product_cat-maquillage","8":"first","9":"instock","10":"taxable","11":"shipping-taxable","12":"purchasable","13":"product-type-rentable"},"acf":[],"_links":{"self":[{"href":"https:\/\/indie.rent\/catalogue\/wp-json\/wp\/v2\/product\/1278","targetHints":{"allow":["GET"]}}],"collection":[{"href":"https:\/\/indie.rent\/catalogue\/wp-json\/wp\/v2\/product"}],"about":[{"href":"https:\/\/indie.rent\/catalogue\/wp-json\/wp\/v2\/types\/product"}],"version-history":[{"count":0,"href":"https:\/\/indie.rent\/catalogue\/wp-json\/wp\/v2\/product\/1278\/revisions"}],"wp:featuredmedia":[{"embeddable":true,"href":"https:\/\/indie.rent\/catalogue\/wp-json\/wp\/v2\/media\/1901"}],"wp:attachment":[{"href":"https:\/\/indie.rent\/catalogue\/wp-json\/wp\/v2\/media?parent=1278"}],"wp:term":[{"taxonomy":"product_brand","embeddable":true,"href":"https:\/\/indie.rent\/catalogue\/wp-json\/wp\/v2\/product_brand?post=1278"},{"taxonomy":"product_cat","embeddable":true,"href":"https:\/\/indie.rent\/catalogue\/wp-json\/wp\/v2\/product_cat?post=1278"},{"taxonomy":"product_tag","embeddable":true,"href":"https:\/\/indie.rent\/catalogue\/wp-json\/wp\/v2\/product_tag?post=1278"}],"curies":[{"name":"wp","href":"https:\/\/api.w.org\/{rel}","templated":true}]}}