{"id":1275,"date":"2025-01-10T17:30:02","date_gmt":"2025-01-10T16:30:02","guid":{"rendered":"https:\/\/indie.rent\/catalogue\/produit\/mattebox-bright-tangerine-misfit-atom-4x5-6-clip-on\/"},"modified":"2026-04-13T18:12:19","modified_gmt":"2026-04-13T16:12:19","slug":"mattebox-clamp-on-bright-tangerine-misfit-atom-%e2%88%85-114mm-2x-filtres-4x5-6","status":"publish","type":"product","link":"https:\/\/indie.rent\/catalogue\/produit\/mattebox-clamp-on-bright-tangerine-misfit-atom-%e2%88%85-114mm-2x-filtres-4x5-6\/","title":{"rendered":"Mattebox Clamp-On Bright Tangerine Misfit Atom \u2205 114mm ( 2x filtres 4&#215;5.6&#8243;)"},"content":{"rendered":"<p>La mattebox Misfit Atom est sp\u00e9cialement con\u00e7ue pour \u00eatre une mattebox \u00e0 la fois tr\u00e8s l\u00e9g\u00e8re et utilisable pour un grand nombre de configuration cam\u00e9ra. Elle est compatible avec les filtres de 4 x 4\u2019\u2019 et de 4 x 5,6. Un des plus de cette mattebox \u00e0 ce niveau-l\u00e0 est la possibilit\u00e9 d\u2019incliner en diagonale l\u00e9g\u00e8rement le ou les filtres afin d\u2019\u00e9viter les reflets ind\u00e9sirables caus\u00e9s par ceux-ci. En plus de sa l\u00e9g\u00e8ret\u00e9 (moins de 200 g), elle a l\u2019avantage d\u2019\u00eatre tr\u00e8s compacte. Il est m\u00eame possible de retirer le parasol caoutchouc afin de gagner encore en poids (le cadre de la mattebox pesant 98 g). La Misfit Atom poss\u00e8de un diam\u00e8tre de serrage de 114 mm maximum.<\/p>\n<p>Cette mattebox peut s&#8217;adapter \u00e0 des diam\u00e8tres de frontales suivants : 82, 85, 87, 95, 110, 114mm. Il est possible de l&#8217;adapt\u00e9 \u00e0 d&#8217;autres optiques avec des step up vissants. <\/p>\n","protected":false},"excerpt":{"rendered":"<p>La mattebox Misfit Atom est sp\u00e9cialement con\u00e7ue pour \u00eatre une mattebox \u00e0 la fois tr\u00e8s l\u00e9g\u00e8re et utilisable pour un grand nombre de configuration cam\u00e9ra. Elle est compatible avec les filtres de 4 x 4\u2019\u2019 et de 4 x 5,6. Un des plus de cette mattebox \u00e0 ce niveau-l\u00e0 est la possibilit\u00e9 d\u2019incliner en diagonale [&hellip;]<\/p>\n","protected":false},"featured_media":1853,"template":"","meta":{"inline_featured_image":false},"product_brand":[],"product_cat":[1955],"product_tag":[],"class_list":{"0":"post-1275","1":"product","2":"type-product","3":"status-publish","4":"has-post-thumbnail","6":"product_cat-mattebox","8":"first","9":"instock","10":"taxable","11":"shipping-taxable","12":"purchasable","13":"product-type-rentable"},"acf":[],"_links":{"self":[{"href":"https:\/\/indie.rent\/catalogue\/wp-json\/wp\/v2\/product\/1275","targetHints":{"allow":["GET"]}}],"collection":[{"href":"https:\/\/indie.rent\/catalogue\/wp-json\/wp\/v2\/product"}],"about":[{"href":"https:\/\/indie.rent\/catalogue\/wp-json\/wp\/v2\/types\/product"}],"version-history":[{"count":0,"href":"https:\/\/indie.rent\/catalogue\/wp-json\/wp\/v2\/product\/1275\/revisions"}],"wp:featuredmedia":[{"embeddable":true,"href":"https:\/\/indie.rent\/catalogue\/wp-json\/wp\/v2\/media\/1853"}],"wp:attachment":[{"href":"https:\/\/indie.rent\/catalogue\/wp-json\/wp\/v2\/media?parent=1275"}],"wp:term":[{"taxonomy":"product_brand","embeddable":true,"href":"https:\/\/indie.rent\/catalogue\/wp-json\/wp\/v2\/product_brand?post=1275"},{"taxonomy":"product_cat","embeddable":true,"href":"https:\/\/indie.rent\/catalogue\/wp-json\/wp\/v2\/product_cat?post=1275"},{"taxonomy":"product_tag","embeddable":true,"href":"https:\/\/indie.rent\/catalogue\/wp-json\/wp\/v2\/product_tag?post=1275"}],"curies":[{"name":"wp","href":"https:\/\/api.w.org\/{rel}","templated":true}]}}