{"id":1273,"date":"2025-01-10T17:30:00","date_gmt":"2025-01-10T16:30:00","guid":{"rendered":"https:\/\/indie.rent\/catalogue\/produit\/housse-camera-polaire-portabrace-pol-2\/"},"modified":"2026-04-15T16:53:03","modified_gmt":"2026-04-15T14:53:03","slug":"housse-camera-polaire-portabrace-pol-2","status":"publish","type":"product","link":"https:\/\/indie.rent\/catalogue\/produit\/housse-camera-polaire-portabrace-pol-2\/","title":{"rendered":"Housse Cam\u00e9ra Polaire Portabrace POL-2"},"content":{"rendered":"<p>La housse cam\u00e9ra POL-2 &#8220;Polar Bear&#8221; est con\u00e7ue pour garder les cam\u00e9ras au chaud par temps froid. Elle a un ext\u00e9rieur en tissu de nylon noir rembourr\u00e9 et construite pour une haute isolation.<\/p>\n<p>Des bandes de fixation en velcro tapissent l&#8217;int\u00e9rieur de la housse polaire pour ranger les chauffe-mains activ\u00e9s par air en option. Ils peuvent \u00eatre plac\u00e9s dans des pochettes et coll\u00e9s dans des zones proches de la batterie pour prolonger la dur\u00e9e de fonctionnement. Les \u00e9l\u00e9ments chauffants peuvent \u00e9galement \u00eatre positionn\u00e9s pour garder au chaud l&#8217;optique et la section de l&#8217;enregistreur.<\/p>\n<p>Caract\u00e9ristiques principales:<br \/>&#8211; Rembourrage \u00e9pais avec tr\u00e8s haute isolation.<br \/>&#8211; Ouvertures \u00e0 deux mains au niveau de l&#8217;objectif et 1 \u00e0 c\u00f4t\u00e9 du viseur, entour\u00e9es de poignets en coton qui gardent les mains au chaud.<br \/>&#8211; Trois jeux de fermetures \u00e0 glissi\u00e8re pour un acc\u00e8s facile aux commandes.<br \/>&#8211; Fermeture \u00e0 glissi\u00e8re inf\u00e9rieure serr\u00e9e autour de la plaque du tr\u00e9pied pour permettre l&#8217;utilisation du tr\u00e9pied.<br \/>&#8211; Accepte les microphones \u00e0 travers la fermeture \u00e9clair sup\u00e9rieure oppos\u00e9e au viseur<br \/>&#8211; Poign\u00e9es en cuir su\u00e9d\u00e9 et des bandouli\u00e8res en daim antid\u00e9rapantes la rendant confortable \u00e0 transporter.<\/p>\n","protected":false},"excerpt":{"rendered":"<p>La housse cam\u00e9ra POL-2 &#8220;Polar Bear&#8221; est con\u00e7ue pour garder les cam\u00e9ras au chaud par temps froid. Elle a un ext\u00e9rieur en tissu de nylon noir rembourr\u00e9 et construite pour une haute isolation. Des bandes de fixation en velcro tapissent l&#8217;int\u00e9rieur de la housse polaire pour ranger les chauffe-mains activ\u00e9s par air en option. Ils [&hellip;]<\/p>\n","protected":false},"featured_media":2762,"template":"","meta":{"inline_featured_image":false},"product_brand":[],"product_cat":[1950],"product_tag":[],"class_list":{"0":"post-1273","1":"product","2":"type-product","3":"status-publish","4":"has-post-thumbnail","6":"product_cat-assistant","8":"first","9":"instock","10":"taxable","11":"shipping-taxable","12":"purchasable","13":"product-type-rentable"},"acf":[],"_links":{"self":[{"href":"https:\/\/indie.rent\/catalogue\/wp-json\/wp\/v2\/product\/1273","targetHints":{"allow":["GET"]}}],"collection":[{"href":"https:\/\/indie.rent\/catalogue\/wp-json\/wp\/v2\/product"}],"about":[{"href":"https:\/\/indie.rent\/catalogue\/wp-json\/wp\/v2\/types\/product"}],"version-history":[{"count":0,"href":"https:\/\/indie.rent\/catalogue\/wp-json\/wp\/v2\/product\/1273\/revisions"}],"wp:featuredmedia":[{"embeddable":true,"href":"https:\/\/indie.rent\/catalogue\/wp-json\/wp\/v2\/media\/2762"}],"wp:attachment":[{"href":"https:\/\/indie.rent\/catalogue\/wp-json\/wp\/v2\/media?parent=1273"}],"wp:term":[{"taxonomy":"product_brand","embeddable":true,"href":"https:\/\/indie.rent\/catalogue\/wp-json\/wp\/v2\/product_brand?post=1273"},{"taxonomy":"product_cat","embeddable":true,"href":"https:\/\/indie.rent\/catalogue\/wp-json\/wp\/v2\/product_cat?post=1273"},{"taxonomy":"product_tag","embeddable":true,"href":"https:\/\/indie.rent\/catalogue\/wp-json\/wp\/v2\/product_tag?post=1273"}],"curies":[{"name":"wp","href":"https:\/\/api.w.org\/{rel}","templated":true}]}}