{"id":1257,"date":"2025-01-10T17:29:52","date_gmt":"2025-01-10T16:29:52","guid":{"rendered":"https:\/\/indie.rent\/catalogue\/produit\/miroir-sur-lyre-98x98cm\/"},"modified":"2026-04-13T18:56:07","modified_gmt":"2026-04-13T16:56:07","slug":"miroir-sur-lyre-98x98cm-cinefactory","status":"publish","type":"product","link":"https:\/\/indie.rent\/catalogue\/produit\/miroir-sur-lyre-98x98cm-cinefactory\/","title":{"rendered":"Miroir sur Lyre (98x98cm) &#8211; CINEFACTORY"},"content":{"rendered":"<p>Le miroir sur lyre Cinefactory (98\u00d798) est con\u00e7u pour r\u00e9pondre aux exigences des plateaux de cin\u00e9ma et de t\u00e9l\u00e9vision. Il est constitu\u00e9 d&#8217;un cadre de 105 \u00d7 105 cm accueillant un miroir de 98 \u00d7 98 cm, mont\u00e9 sur une lyre \u00e9quip\u00e9e d&#8217;un spigot de 12 cm de long (\u00d8 2,2 cm).<\/p>\n<p>Ses dimensions hors tout de 133 \u00d7 125 cm en font un outil adapt\u00e9 aux installations techniques. Fabriqu\u00e9 en aluminium et disponible en finition noire mate (ou personnalis\u00e9e sur demande), ce miroir allie l\u00e9g\u00e8ret\u00e9 et solidit\u00e9.<\/p>\n<p>Avec un poids de 15 kg et des dimensions globales de 120 \u00d7 114 cm, il garantit fiabilit\u00e9 et praticit\u00e9 pour les \u00e9quipes de r\u00e9gie et de machinerie.<\/p>\n","protected":false},"excerpt":{"rendered":"<p>Le miroir sur lyre Cinefactory (98\u00d798) est con\u00e7u pour r\u00e9pondre aux exigences des plateaux de cin\u00e9ma et de t\u00e9l\u00e9vision. Il est constitu\u00e9 d&#8217;un cadre de 105 \u00d7 105 cm accueillant un miroir de 98 \u00d7 98 cm, mont\u00e9 sur une lyre \u00e9quip\u00e9e d&#8217;un spigot de 12 cm de long (\u00d8 2,2 cm). Ses dimensions hors [&hellip;]<\/p>\n","protected":false},"featured_media":2654,"template":"","meta":{"inline_featured_image":false},"product_brand":[],"product_cat":[2117],"product_tag":[],"class_list":{"0":"post-1257","1":"product","2":"type-product","3":"status-publish","4":"has-post-thumbnail","6":"product_cat-reflecteur","8":"first","9":"instock","10":"taxable","11":"shipping-taxable","12":"purchasable","13":"product-type-rentable"},"acf":[],"_links":{"self":[{"href":"https:\/\/indie.rent\/catalogue\/wp-json\/wp\/v2\/product\/1257","targetHints":{"allow":["GET"]}}],"collection":[{"href":"https:\/\/indie.rent\/catalogue\/wp-json\/wp\/v2\/product"}],"about":[{"href":"https:\/\/indie.rent\/catalogue\/wp-json\/wp\/v2\/types\/product"}],"version-history":[{"count":0,"href":"https:\/\/indie.rent\/catalogue\/wp-json\/wp\/v2\/product\/1257\/revisions"}],"wp:featuredmedia":[{"embeddable":true,"href":"https:\/\/indie.rent\/catalogue\/wp-json\/wp\/v2\/media\/2654"}],"wp:attachment":[{"href":"https:\/\/indie.rent\/catalogue\/wp-json\/wp\/v2\/media?parent=1257"}],"wp:term":[{"taxonomy":"product_brand","embeddable":true,"href":"https:\/\/indie.rent\/catalogue\/wp-json\/wp\/v2\/product_brand?post=1257"},{"taxonomy":"product_cat","embeddable":true,"href":"https:\/\/indie.rent\/catalogue\/wp-json\/wp\/v2\/product_cat?post=1257"},{"taxonomy":"product_tag","embeddable":true,"href":"https:\/\/indie.rent\/catalogue\/wp-json\/wp\/v2\/product_tag?post=1257"}],"curies":[{"name":"wp","href":"https:\/\/api.w.org\/{rel}","templated":true}]}}