{"id":1247,"date":"2025-01-10T17:29:49","date_gmt":"2025-01-10T16:29:49","guid":{"rendered":"https:\/\/indie.rent\/catalogue\/produit\/foldit\/"},"modified":"2026-04-13T18:47:03","modified_gmt":"2026-04-13T16:47:03","slug":"foldit","status":"publish","type":"product","link":"https:\/\/indie.rent\/catalogue\/produit\/foldit\/","title":{"rendered":"Foldit"},"content":{"rendered":"<p>Le chariot pliable Foldit peut supporter jusqu&#8217;\u00e0 150 kg et s&#8217;av\u00e8re tr\u00e8s utile pour vos tournages, que ce soit pour stocker et d\u00e9placer votre mat\u00e9riel sur tous les terrains mais aussi pour le rangement. Encombrement minimal ! <\/p>\n<p>&#8211; Poids du chariot : 15kg <br \/>&#8211; Mati\u00e8re : Aluminium<br \/>&#8211; Dimensions int\u00e9rieures: 96.5 L x 58 l x 29 h<br \/>&#8211; Dimensions hors tout: 140 L x 77 l x59 h<br \/>&#8211; Dimensions pli\u00e9: 104 L x 24 l x 56 h<\/p>\n","protected":false},"excerpt":{"rendered":"<p>Le chariot pliable Foldit peut supporter jusqu&#8217;\u00e0 150 kg et s&#8217;av\u00e8re tr\u00e8s utile pour vos tournages, que ce soit pour stocker et d\u00e9placer votre mat\u00e9riel sur tous les terrains mais aussi pour le rangement. Encombrement minimal ! &#8211; Poids du chariot : 15kg &#8211; Mati\u00e8re : Aluminium&#8211; Dimensions int\u00e9rieures: 96.5 L x 58 l x [&hellip;]<\/p>\n","protected":false},"featured_media":2475,"template":"","meta":{"inline_featured_image":false},"product_brand":[],"product_cat":[2129],"product_tag":[],"class_list":{"0":"post-1247","1":"product","2":"type-product","3":"status-publish","4":"has-post-thumbnail","6":"product_cat-roulantes","8":"first","9":"instock","10":"taxable","11":"shipping-taxable","12":"purchasable","13":"product-type-rentable"},"acf":[],"_links":{"self":[{"href":"https:\/\/indie.rent\/catalogue\/wp-json\/wp\/v2\/product\/1247","targetHints":{"allow":["GET"]}}],"collection":[{"href":"https:\/\/indie.rent\/catalogue\/wp-json\/wp\/v2\/product"}],"about":[{"href":"https:\/\/indie.rent\/catalogue\/wp-json\/wp\/v2\/types\/product"}],"version-history":[{"count":0,"href":"https:\/\/indie.rent\/catalogue\/wp-json\/wp\/v2\/product\/1247\/revisions"}],"wp:featuredmedia":[{"embeddable":true,"href":"https:\/\/indie.rent\/catalogue\/wp-json\/wp\/v2\/media\/2475"}],"wp:attachment":[{"href":"https:\/\/indie.rent\/catalogue\/wp-json\/wp\/v2\/media?parent=1247"}],"wp:term":[{"taxonomy":"product_brand","embeddable":true,"href":"https:\/\/indie.rent\/catalogue\/wp-json\/wp\/v2\/product_brand?post=1247"},{"taxonomy":"product_cat","embeddable":true,"href":"https:\/\/indie.rent\/catalogue\/wp-json\/wp\/v2\/product_cat?post=1247"},{"taxonomy":"product_tag","embeddable":true,"href":"https:\/\/indie.rent\/catalogue\/wp-json\/wp\/v2\/product_tag?post=1247"}],"curies":[{"name":"wp","href":"https:\/\/api.w.org\/{rel}","templated":true}]}}