{"id":1246,"date":"2025-01-10T17:29:49","date_gmt":"2025-01-10T16:29:49","guid":{"rendered":"https:\/\/indie.rent\/catalogue\/produit\/machine-a-cafe-a-grains-magnifica\/"},"modified":"2026-04-16T13:46:42","modified_gmt":"2026-04-16T11:46:42","slug":"machine-a-cafe-a-grains-magnifica","status":"publish","type":"product","link":"https:\/\/indie.rent\/catalogue\/produit\/machine-a-cafe-a-grains-magnifica\/","title":{"rendered":"Machine \u00e0 caf\u00e9 \u00e0 grains &#8211; Magnifica"},"content":{"rendered":"<p>Louez chez nous une cafeti\u00e8re Magnifica &#8211; Expresso broyeur \u00e0 grains<\/p>\n<p>Caract\u00e9ristique :<br \/>Capacit\u00e9 du r\u00e9servoir d&#8217;eau : 1.8 L<br \/>Dimensions (lxpxh) (cm) : 23x43x34<br \/>Poids : 9kg<br \/>Pression de la pompe : 15bar<br \/>Capacit\u00e9 du bac \u00e0 grains : 250g<br \/>Contenance du r\u00e9servoir \u00e0 eau : 1.8l<br \/>Capacit\u00e9 du bac \u00e0 marc : 14n<br \/>Classe \u00e9nerg\u00e9tique : Mieux que A<br \/>Hauteur max. de la tasse : 14,2cm<br \/>Puissance d\u2019entr\u00e9e : 1450W<br \/>Tension\/fr\u00e9quence nominale (V~Hz) : 220 \u00e0 240 V\/50 \u00e0 60 Hz<\/p>\n<p>Conseil d&#8217;utilisation : <br \/>Attention, les cafeti\u00e8res \u00e0 grain supportent tr\u00e8s difficilement les grands froids, en cas de tournages en montagne ou simplement en hiver, pr\u00e9voir leurs utilisations dans un espace chauff\u00e9. Stockage de nuit en camion \u00e0 \u00e9viter.<\/p>\n","protected":false},"excerpt":{"rendered":"<p>Louez chez nous une cafeti\u00e8re Magnifica &#8211; Expresso broyeur \u00e0 grains Caract\u00e9ristique :Capacit\u00e9 du r\u00e9servoir d&#8217;eau : 1.8 LDimensions (lxpxh) (cm) : 23x43x34Poids : 9kgPression de la pompe : 15barCapacit\u00e9 du bac \u00e0 grains : 250gContenance du r\u00e9servoir \u00e0 eau : 1.8lCapacit\u00e9 du bac \u00e0 marc : 14nClasse \u00e9nerg\u00e9tique : Mieux que AHauteur max. de [&hellip;]<\/p>\n","protected":false},"featured_media":2435,"template":"","meta":{"inline_featured_image":false},"product_brand":[],"product_cat":[2144],"product_tag":[],"class_list":{"0":"post-1246","1":"product","2":"type-product","3":"status-publish","4":"has-post-thumbnail","6":"product_cat-cafe-boissons","8":"first","9":"instock","10":"taxable","11":"shipping-taxable","12":"purchasable","13":"product-type-rentable"},"acf":[],"_links":{"self":[{"href":"https:\/\/indie.rent\/catalogue\/wp-json\/wp\/v2\/product\/1246","targetHints":{"allow":["GET"]}}],"collection":[{"href":"https:\/\/indie.rent\/catalogue\/wp-json\/wp\/v2\/product"}],"about":[{"href":"https:\/\/indie.rent\/catalogue\/wp-json\/wp\/v2\/types\/product"}],"version-history":[{"count":0,"href":"https:\/\/indie.rent\/catalogue\/wp-json\/wp\/v2\/product\/1246\/revisions"}],"wp:featuredmedia":[{"embeddable":true,"href":"https:\/\/indie.rent\/catalogue\/wp-json\/wp\/v2\/media\/2435"}],"wp:attachment":[{"href":"https:\/\/indie.rent\/catalogue\/wp-json\/wp\/v2\/media?parent=1246"}],"wp:term":[{"taxonomy":"product_brand","embeddable":true,"href":"https:\/\/indie.rent\/catalogue\/wp-json\/wp\/v2\/product_brand?post=1246"},{"taxonomy":"product_cat","embeddable":true,"href":"https:\/\/indie.rent\/catalogue\/wp-json\/wp\/v2\/product_cat?post=1246"},{"taxonomy":"product_tag","embeddable":true,"href":"https:\/\/indie.rent\/catalogue\/wp-json\/wp\/v2\/product_tag?post=1246"}],"curies":[{"name":"wp","href":"https:\/\/api.w.org\/{rel}","templated":true}]}}