{"id":1245,"date":"2025-01-10T17:29:48","date_gmt":"2025-01-10T16:29:48","guid":{"rendered":"https:\/\/indie.rent\/catalogue\/produit\/canon-a-chaleur-au-gaz-roturbo-35000\/"},"modified":"2026-04-07T00:15:22","modified_gmt":"2026-04-06T22:15:22","slug":"canon-a-chaleur-au-gaz-roturbo-35000","status":"publish","type":"product","link":"https:\/\/indie.rent\/catalogue\/produit\/canon-a-chaleur-au-gaz-roturbo-35000\/","title":{"rendered":"Canon \u00e0 chaleur au gaz ROTURBO 35000"},"content":{"rendered":"<p>Pour le chauffage de grands espaces utilitaires, chapiteaux, chantiers, ateliers, abris, hall, stand, \u00e9tale de march\u00e9, jardins&#8230; <br \/>Il s&#8217;utilise uniquement \u00e0 l&#8217;ext\u00e9rieur ou dans des locaux bien a\u00e9r\u00e9s.<\/p>\n<p>Composition : tuyau flexible 1,50 m\u00e8tre &#8211; G 3\/8&#8243; gauche, d\u00e9tendeur propane 1500 mbars, VDE 1,6 m\u00e8tre, boitier en acier inoxydable, allumage Piezo. <br \/>Volume \u00e0 chauffer: environ 170 \u00e0 290 m3. <br \/>Protection anti-surchauffe, s\u00e9curit\u00e9 d\u2019allumage. <br \/>Protection contre la rupture de flexible. <br \/>Production et diffusion de chaleur. <\/p>\n<p>Pour le chauffage de grands espaces utilitaires, chapiteaux, chantiers, ateliers, abris, hall, stand, \u00e9tale de march\u00e9, jardins&#8230; <br \/>Il s&#8217;utilise uniquement \u00e0 l&#8217;ext\u00e9rieur ou dans des locaux bien a\u00e9r\u00e9s.<\/p>\n<p>ATTENTION utilisation avec une bouteille de gaz de 13kg, \u00e0 pr\u00e9voir, dur\u00e9e 6h.<\/p>\n","protected":false},"excerpt":{"rendered":"<p>Pour le chauffage de grands espaces utilitaires, chapiteaux, chantiers, ateliers, abris, hall, stand, \u00e9tale de march\u00e9, jardins&#8230; Il s&#8217;utilise uniquement \u00e0 l&#8217;ext\u00e9rieur ou dans des locaux bien a\u00e9r\u00e9s. Composition : tuyau flexible 1,50 m\u00e8tre &#8211; G 3\/8&#8243; gauche, d\u00e9tendeur propane 1500 mbars, VDE 1,6 m\u00e8tre, boitier en acier inoxydable, allumage Piezo. Volume \u00e0 chauffer: environ [&hellip;]<\/p>\n","protected":false},"featured_media":2429,"template":"","meta":{"inline_featured_image":false},"product_brand":[],"product_cat":[2139],"product_tag":[],"class_list":{"0":"post-1245","1":"product","2":"type-product","3":"status-publish","4":"has-post-thumbnail","6":"product_cat-chauffage-au-gaz","8":"first","9":"instock","10":"taxable","11":"shipping-taxable","12":"purchasable","13":"product-type-rentable"},"acf":[],"_links":{"self":[{"href":"https:\/\/indie.rent\/catalogue\/wp-json\/wp\/v2\/product\/1245","targetHints":{"allow":["GET"]}}],"collection":[{"href":"https:\/\/indie.rent\/catalogue\/wp-json\/wp\/v2\/product"}],"about":[{"href":"https:\/\/indie.rent\/catalogue\/wp-json\/wp\/v2\/types\/product"}],"version-history":[{"count":0,"href":"https:\/\/indie.rent\/catalogue\/wp-json\/wp\/v2\/product\/1245\/revisions"}],"wp:featuredmedia":[{"embeddable":true,"href":"https:\/\/indie.rent\/catalogue\/wp-json\/wp\/v2\/media\/2429"}],"wp:attachment":[{"href":"https:\/\/indie.rent\/catalogue\/wp-json\/wp\/v2\/media?parent=1245"}],"wp:term":[{"taxonomy":"product_brand","embeddable":true,"href":"https:\/\/indie.rent\/catalogue\/wp-json\/wp\/v2\/product_brand?post=1245"},{"taxonomy":"product_cat","embeddable":true,"href":"https:\/\/indie.rent\/catalogue\/wp-json\/wp\/v2\/product_cat?post=1245"},{"taxonomy":"product_tag","embeddable":true,"href":"https:\/\/indie.rent\/catalogue\/wp-json\/wp\/v2\/product_tag?post=1245"}],"curies":[{"name":"wp","href":"https:\/\/api.w.org\/{rel}","templated":true}]}}