{"id":1243,"date":"2025-01-10T17:29:48","date_gmt":"2025-01-10T16:29:48","guid":{"rendered":"https:\/\/indie.rent\/catalogue\/produit\/mini-saddle\/"},"modified":"2026-04-15T17:32:46","modified_gmt":"2026-04-15T15:32:46","slug":"mini-saddle","status":"publish","type":"product","link":"https:\/\/indie.rent\/catalogue\/produit\/mini-saddle\/","title":{"rendered":"Mini Saddle"},"content":{"rendered":"<p>Le Minisaddle supporte des cam\u00e9ras de la taille d&#8217;un cam\u00e9scope. Il est con\u00e7u pour servir de support \u00e0 votre appareil photo et fonctionne comme une plateforme de montage qui s&#8217;adapte \u00e0 des terrains aux formes \u00e9tranges, bien que vous puissiez l&#8217;utiliser sur des surfaces planes \u00e9galement. Le Minisaddle n&#8217;est pas un stabilisateur, cependant, il absorbe les vibrations, ce qui le rend bien adapt\u00e9 aux plateformes mobiles telles que les voitures.<\/p>\n<p>Le Minisaddle est \u00e9quip\u00e9 d&#8217;une pochette de rangement interne \u00e0 fermeture \u00e9clair pour les petits appareils photo ou les accessoires. Il comprend \u00e9galement une bandouli\u00e8re et trois poches vous permettent de r\u00e9cup\u00e9rer de petits objets. Le Minisaddle comprend un kit de montage qui peut \u00eatre utilis\u00e9 pour fixer votre cam\u00e9ra sur un support ou un objet mobile.<\/p>\n","protected":false},"excerpt":{"rendered":"<p>Le Minisaddle supporte des cam\u00e9ras de la taille d&#8217;un cam\u00e9scope. Il est con\u00e7u pour servir de support \u00e0 votre appareil photo et fonctionne comme une plateforme de montage qui s&#8217;adapte \u00e0 des terrains aux formes \u00e9tranges, bien que vous puissiez l&#8217;utiliser sur des surfaces planes \u00e9galement. Le Minisaddle n&#8217;est pas un stabilisateur, cependant, il absorbe [&hellip;]<\/p>\n","protected":false},"featured_media":2410,"template":"","meta":{"inline_featured_image":false},"product_brand":[],"product_cat":[1996],"product_tag":[],"class_list":{"0":"post-1243","1":"product","2":"type-product","3":"status-publish","4":"has-post-thumbnail","6":"product_cat-gueuses-poids","8":"first","9":"instock","10":"featured","11":"taxable","12":"shipping-taxable","13":"purchasable","14":"product-type-rentable"},"acf":[],"_links":{"self":[{"href":"https:\/\/indie.rent\/catalogue\/wp-json\/wp\/v2\/product\/1243","targetHints":{"allow":["GET"]}}],"collection":[{"href":"https:\/\/indie.rent\/catalogue\/wp-json\/wp\/v2\/product"}],"about":[{"href":"https:\/\/indie.rent\/catalogue\/wp-json\/wp\/v2\/types\/product"}],"version-history":[{"count":0,"href":"https:\/\/indie.rent\/catalogue\/wp-json\/wp\/v2\/product\/1243\/revisions"}],"wp:featuredmedia":[{"embeddable":true,"href":"https:\/\/indie.rent\/catalogue\/wp-json\/wp\/v2\/media\/2410"}],"wp:attachment":[{"href":"https:\/\/indie.rent\/catalogue\/wp-json\/wp\/v2\/media?parent=1243"}],"wp:term":[{"taxonomy":"product_brand","embeddable":true,"href":"https:\/\/indie.rent\/catalogue\/wp-json\/wp\/v2\/product_brand?post=1243"},{"taxonomy":"product_cat","embeddable":true,"href":"https:\/\/indie.rent\/catalogue\/wp-json\/wp\/v2\/product_cat?post=1243"},{"taxonomy":"product_tag","embeddable":true,"href":"https:\/\/indie.rent\/catalogue\/wp-json\/wp\/v2\/product_tag?post=1243"}],"curies":[{"name":"wp","href":"https:\/\/api.w.org\/{rel}","templated":true}]}}