{"id":1242,"date":"2025-01-10T17:29:47","date_gmt":"2025-01-10T16:29:47","guid":{"rendered":"https:\/\/indie.rent\/catalogue\/produit\/glace-maquillage-en-bois\/"},"modified":"2026-04-16T17:29:12","modified_gmt":"2026-04-16T15:29:12","slug":"glace-maquillage-en-bois","status":"publish","type":"product","link":"https:\/\/indie.rent\/catalogue\/produit\/glace-maquillage-en-bois\/","title":{"rendered":"Glace Maquillage en Bois"},"content":{"rendered":"<p>Cette GLACE MAQUILLAGE avec une protection en bois est \u00e0 poser sur une table. Elle est \u00e9quip\u00e9e d&#8217;un miroir centrale encadr\u00e9 de n\u00e9ons en WARM WHITE et de deux miroirs lat\u00e9raux sur les volets de la GLACE MAQUILLAGE. Elle n&#8217;est pas dimmable et une prise 16A est accessible sur la fa\u00e7ade avant.<\/p>\n","protected":false},"excerpt":{"rendered":"<p>Cette GLACE MAQUILLAGE avec une protection en bois est \u00e0 poser sur une table. Elle est \u00e9quip\u00e9e d&#8217;un miroir centrale encadr\u00e9 de n\u00e9ons en WARM WHITE et de deux miroirs lat\u00e9raux sur les volets de la GLACE MAQUILLAGE. Elle n&#8217;est pas dimmable et une prise 16A est accessible sur la fa\u00e7ade avant.<\/p>\n","protected":false},"featured_media":2816,"template":"","meta":{"inline_featured_image":false},"product_brand":[],"product_cat":[2149],"product_tag":[],"class_list":{"0":"post-1242","1":"product","2":"type-product","3":"status-publish","4":"has-post-thumbnail","6":"product_cat-maquillage","8":"first","9":"instock","10":"taxable","11":"shipping-taxable","12":"purchasable","13":"product-type-rentable"},"acf":[],"_links":{"self":[{"href":"https:\/\/indie.rent\/catalogue\/wp-json\/wp\/v2\/product\/1242","targetHints":{"allow":["GET"]}}],"collection":[{"href":"https:\/\/indie.rent\/catalogue\/wp-json\/wp\/v2\/product"}],"about":[{"href":"https:\/\/indie.rent\/catalogue\/wp-json\/wp\/v2\/types\/product"}],"version-history":[{"count":0,"href":"https:\/\/indie.rent\/catalogue\/wp-json\/wp\/v2\/product\/1242\/revisions"}],"wp:featuredmedia":[{"embeddable":true,"href":"https:\/\/indie.rent\/catalogue\/wp-json\/wp\/v2\/media\/2816"}],"wp:attachment":[{"href":"https:\/\/indie.rent\/catalogue\/wp-json\/wp\/v2\/media?parent=1242"}],"wp:term":[{"taxonomy":"product_brand","embeddable":true,"href":"https:\/\/indie.rent\/catalogue\/wp-json\/wp\/v2\/product_brand?post=1242"},{"taxonomy":"product_cat","embeddable":true,"href":"https:\/\/indie.rent\/catalogue\/wp-json\/wp\/v2\/product_cat?post=1242"},{"taxonomy":"product_tag","embeddable":true,"href":"https:\/\/indie.rent\/catalogue\/wp-json\/wp\/v2\/product_tag?post=1242"}],"curies":[{"name":"wp","href":"https:\/\/api.w.org\/{rel}","templated":true}]}}