{"id":1239,"date":"2025-01-10T17:29:40","date_gmt":"2025-01-10T16:29:40","guid":{"rendered":"https:\/\/indie.rent\/catalogue\/produit\/teleconvertisseur-canon-ef-multiplicateur-1-4x-iii\/"},"modified":"2026-04-16T17:19:58","modified_gmt":"2026-04-16T15:19:58","slug":"teleconvertisseur-canon-ef-multiplicateur-1-4x-iii","status":"publish","type":"product","link":"https:\/\/indie.rent\/catalogue\/produit\/teleconvertisseur-canon-ef-multiplicateur-1-4x-iii\/","title":{"rendered":"T\u00e9l\u00e9convertisseur Canon  EF Multiplicateur  1.4x III"},"content":{"rendered":"<p>T\u00e9l\u00e9convertisseur EF Multiplicateur 1,4x III<\/p>\n","protected":false},"excerpt":{"rendered":"<p>T\u00e9l\u00e9convertisseur EF Multiplicateur 1,4x III<\/p>\n","protected":false},"featured_media":2132,"template":"","meta":{"inline_featured_image":false},"product_brand":[],"product_cat":[1959],"product_tag":[],"class_list":{"0":"post-1239","1":"product","2":"type-product","3":"status-publish","4":"has-post-thumbnail","6":"product_cat-bague-adaptation","8":"first","9":"instock","10":"taxable","11":"shipping-taxable","12":"purchasable","13":"product-type-rentable"},"acf":[],"_links":{"self":[{"href":"https:\/\/indie.rent\/catalogue\/wp-json\/wp\/v2\/product\/1239","targetHints":{"allow":["GET"]}}],"collection":[{"href":"https:\/\/indie.rent\/catalogue\/wp-json\/wp\/v2\/product"}],"about":[{"href":"https:\/\/indie.rent\/catalogue\/wp-json\/wp\/v2\/types\/product"}],"version-history":[{"count":0,"href":"https:\/\/indie.rent\/catalogue\/wp-json\/wp\/v2\/product\/1239\/revisions"}],"wp:featuredmedia":[{"embeddable":true,"href":"https:\/\/indie.rent\/catalogue\/wp-json\/wp\/v2\/media\/2132"}],"wp:attachment":[{"href":"https:\/\/indie.rent\/catalogue\/wp-json\/wp\/v2\/media?parent=1239"}],"wp:term":[{"taxonomy":"product_brand","embeddable":true,"href":"https:\/\/indie.rent\/catalogue\/wp-json\/wp\/v2\/product_brand?post=1239"},{"taxonomy":"product_cat","embeddable":true,"href":"https:\/\/indie.rent\/catalogue\/wp-json\/wp\/v2\/product_cat?post=1239"},{"taxonomy":"product_tag","embeddable":true,"href":"https:\/\/indie.rent\/catalogue\/wp-json\/wp\/v2\/product_tag?post=1239"}],"curies":[{"name":"wp","href":"https:\/\/api.w.org\/{rel}","templated":true}]}}