{"id":1229,"date":"2025-01-10T17:29:34","date_gmt":"2025-01-10T16:29:34","guid":{"rendered":"https:\/\/indie.rent\/catalogue\/produit\/kit-nid-dabeille-51020\/"},"modified":"2026-04-10T10:48:27","modified_gmt":"2026-04-10T08:48:27","slug":"kit-nid-dabeille-51020","status":"publish","type":"product","link":"https:\/\/indie.rent\/catalogue\/produit\/kit-nid-dabeille-51020\/","title":{"rendered":"Kit Nid d&#8217;abeille  5\u00b010\u00b020\u00b0"},"content":{"rendered":"<p>Les nids d\u2019abeilles sont des accessoires faciles \u00e0 utiliser. Ils sont con\u00e7us pour contr\u00f4ler le faisceau de lumi\u00e8re et pour apporter du contraste et un aspect dramatique \u00e0 l\u2019image finale. Avec un nid d\u2019abeilles, il est facile de contr\u00f4ler et de concentrer la lumi\u00e8re l\u00e0 o\u00f9 vous le souhaitez, tout en limitant le d\u00e9bordement de lumi\u00e8re sur d\u2019autres parties de l\u2019image. Il apporte simplement un meilleur contr\u00f4le du fa\u00e7onnage de la lumi\u00e8re.<\/p>\n<p>Les nids d\u2019abeille 100 mm sont mont\u00e9s directement sur les sources Profoto avec d\u00e9poli plat. Ils servent \u00e0 fa\u00e7onner votre lumi\u00e8re principale, \u00e0 cr\u00e9er des effets d\u2019arri\u00e8re-plan sur des portraits ou \u00e0 accentuer les reflets sur des photos de nature morte, entre autres nombreuses possibilit\u00e9s.<\/p>\n","protected":false},"excerpt":{"rendered":"<p>Les nids d\u2019abeilles sont des accessoires faciles \u00e0 utiliser. Ils sont con\u00e7us pour contr\u00f4ler le faisceau de lumi\u00e8re et pour apporter du contraste et un aspect dramatique \u00e0 l\u2019image finale. Avec un nid d\u2019abeilles, il est facile de contr\u00f4ler et de concentrer la lumi\u00e8re l\u00e0 o\u00f9 vous le souhaitez, tout en limitant le d\u00e9bordement de [&hellip;]<\/p>\n","protected":false},"featured_media":2773,"template":"","meta":{"inline_featured_image":false},"product_brand":[],"product_cat":[2183],"product_tag":[],"class_list":{"0":"post-1229","1":"product","2":"type-product","3":"status-publish","4":"has-post-thumbnail","6":"product_cat-accessoires-flash","8":"first","9":"instock","10":"taxable","11":"shipping-taxable","12":"purchasable","13":"product-type-rentable"},"acf":[],"_links":{"self":[{"href":"https:\/\/indie.rent\/catalogue\/wp-json\/wp\/v2\/product\/1229","targetHints":{"allow":["GET"]}}],"collection":[{"href":"https:\/\/indie.rent\/catalogue\/wp-json\/wp\/v2\/product"}],"about":[{"href":"https:\/\/indie.rent\/catalogue\/wp-json\/wp\/v2\/types\/product"}],"version-history":[{"count":0,"href":"https:\/\/indie.rent\/catalogue\/wp-json\/wp\/v2\/product\/1229\/revisions"}],"wp:featuredmedia":[{"embeddable":true,"href":"https:\/\/indie.rent\/catalogue\/wp-json\/wp\/v2\/media\/2773"}],"wp:attachment":[{"href":"https:\/\/indie.rent\/catalogue\/wp-json\/wp\/v2\/media?parent=1229"}],"wp:term":[{"taxonomy":"product_brand","embeddable":true,"href":"https:\/\/indie.rent\/catalogue\/wp-json\/wp\/v2\/product_brand?post=1229"},{"taxonomy":"product_cat","embeddable":true,"href":"https:\/\/indie.rent\/catalogue\/wp-json\/wp\/v2\/product_cat?post=1229"},{"taxonomy":"product_tag","embeddable":true,"href":"https:\/\/indie.rent\/catalogue\/wp-json\/wp\/v2\/product_tag?post=1229"}],"curies":[{"name":"wp","href":"https:\/\/api.w.org\/{rel}","templated":true}]}}