{"id":1219,"date":"2025-01-10T17:29:29","date_gmt":"2025-01-10T16:29:29","guid":{"rendered":"https:\/\/indie.rent\/catalogue\/produit\/quadrilight-base-legere-en-bois\/"},"modified":"2026-04-15T17:43:11","modified_gmt":"2026-04-15T15:43:11","slug":"quadrilight-base-legere-en-bois","status":"publish","type":"product","link":"https:\/\/indie.rent\/catalogue\/produit\/quadrilight-base-legere-en-bois\/","title":{"rendered":"Quadrilight Base L\u00e9g\u00e8re en Bois"},"content":{"rendered":"<p>Quadrilight Base L\u00e9g\u00e8re en Bois<\/p>\n","protected":false},"excerpt":{"rendered":"<p>Quadrilight Base L\u00e9g\u00e8re en Bois<\/p>\n","protected":false},"featured_media":2560,"template":"","meta":{"inline_featured_image":false},"product_brand":[],"product_cat":[1994],"product_tag":[],"class_list":{"0":"post-1219","1":"product","2":"type-product","3":"status-publish","4":"has-post-thumbnail","6":"product_cat-quadrilight","8":"first","9":"instock","10":"taxable","11":"shipping-taxable","12":"purchasable","13":"product-type-rentable"},"acf":[],"_links":{"self":[{"href":"https:\/\/indie.rent\/catalogue\/wp-json\/wp\/v2\/product\/1219","targetHints":{"allow":["GET"]}}],"collection":[{"href":"https:\/\/indie.rent\/catalogue\/wp-json\/wp\/v2\/product"}],"about":[{"href":"https:\/\/indie.rent\/catalogue\/wp-json\/wp\/v2\/types\/product"}],"version-history":[{"count":0,"href":"https:\/\/indie.rent\/catalogue\/wp-json\/wp\/v2\/product\/1219\/revisions"}],"wp:featuredmedia":[{"embeddable":true,"href":"https:\/\/indie.rent\/catalogue\/wp-json\/wp\/v2\/media\/2560"}],"wp:attachment":[{"href":"https:\/\/indie.rent\/catalogue\/wp-json\/wp\/v2\/media?parent=1219"}],"wp:term":[{"taxonomy":"product_brand","embeddable":true,"href":"https:\/\/indie.rent\/catalogue\/wp-json\/wp\/v2\/product_brand?post=1219"},{"taxonomy":"product_cat","embeddable":true,"href":"https:\/\/indie.rent\/catalogue\/wp-json\/wp\/v2\/product_cat?post=1219"},{"taxonomy":"product_tag","embeddable":true,"href":"https:\/\/indie.rent\/catalogue\/wp-json\/wp\/v2\/product_tag?post=1219"}],"curies":[{"name":"wp","href":"https:\/\/api.w.org\/{rel}","templated":true}]}}