{"id":1208,"date":"2025-01-10T17:29:24","date_gmt":"2025-01-10T16:29:24","guid":{"rendered":"https:\/\/indie.rent\/catalogue\/produit\/roulante-regie-aviator\/"},"modified":"2026-04-13T18:41:51","modified_gmt":"2026-04-13T16:41:51","slug":"roulante-regie-aviator","status":"publish","type":"product","link":"https:\/\/indie.rent\/catalogue\/produit\/roulante-regie-aviator\/","title":{"rendered":"Roulante r\u00e9gie Aviator"},"content":{"rendered":"<p>Roulante r\u00e9gie Aviator compos\u00e9 d&#8217;un porte gobelet \u00e0 caf\u00e9 et 4 tiroirs de rangements.<\/p>\n<p>         Voir cette publication sur Instagram            Une publication partag\u00e9e par Indie Loc (@indie_la_location) le 25 F\u00e9vr. 2019 \u00e0 6 :31 PST<\/p>\n","protected":false},"excerpt":{"rendered":"<p>Roulante r\u00e9gie Aviator compos\u00e9 d&#8217;un porte gobelet \u00e0 caf\u00e9 et 4 tiroirs de rangements. Voir cette publication sur Instagram Une publication partag\u00e9e par Indie Loc (@indie_la_location) le 25 F\u00e9vr. 2019 \u00e0 6 :31 PST<\/p>\n","protected":false},"featured_media":3598,"template":"","meta":{"inline_featured_image":false},"product_brand":[],"product_cat":[2129],"product_tag":[],"class_list":{"0":"post-1208","1":"product","2":"type-product","3":"status-publish","4":"has-post-thumbnail","6":"product_cat-roulantes","8":"first","9":"instock","10":"taxable","11":"shipping-taxable","12":"purchasable","13":"product-type-rentable"},"acf":[],"_links":{"self":[{"href":"https:\/\/indie.rent\/catalogue\/wp-json\/wp\/v2\/product\/1208","targetHints":{"allow":["GET"]}}],"collection":[{"href":"https:\/\/indie.rent\/catalogue\/wp-json\/wp\/v2\/product"}],"about":[{"href":"https:\/\/indie.rent\/catalogue\/wp-json\/wp\/v2\/types\/product"}],"version-history":[{"count":0,"href":"https:\/\/indie.rent\/catalogue\/wp-json\/wp\/v2\/product\/1208\/revisions"}],"wp:featuredmedia":[{"embeddable":true,"href":"https:\/\/indie.rent\/catalogue\/wp-json\/wp\/v2\/media\/3598"}],"wp:attachment":[{"href":"https:\/\/indie.rent\/catalogue\/wp-json\/wp\/v2\/media?parent=1208"}],"wp:term":[{"taxonomy":"product_brand","embeddable":true,"href":"https:\/\/indie.rent\/catalogue\/wp-json\/wp\/v2\/product_brand?post=1208"},{"taxonomy":"product_cat","embeddable":true,"href":"https:\/\/indie.rent\/catalogue\/wp-json\/wp\/v2\/product_cat?post=1208"},{"taxonomy":"product_tag","embeddable":true,"href":"https:\/\/indie.rent\/catalogue\/wp-json\/wp\/v2\/product_tag?post=1208"}],"curies":[{"name":"wp","href":"https:\/\/api.w.org\/{rel}","templated":true}]}}