{"id":1207,"date":"2025-01-10T17:29:24","date_gmt":"2025-01-10T16:29:24","guid":{"rendered":"https:\/\/indie.rent\/catalogue\/produit\/appareil-a-hot-dogs-avec-4-plots-chauffes\/"},"modified":"2026-04-16T17:36:43","modified_gmt":"2026-04-16T15:36:43","slug":"appareil-a-hot-dogs-avec-4-plots-chauffes","status":"publish","type":"product","link":"https:\/\/indie.rent\/catalogue\/produit\/appareil-a-hot-dogs-avec-4-plots-chauffes\/","title":{"rendered":"Appareil \u00e0 Hot-Dogs avec 4 Plots Chauff\u00e9s"},"content":{"rendered":"<p>Cet appareil \u00e0 hot dog se compose de 4 plots chauffants pour les petits pains, en forme de cylindre en verre de 20 cm de diam\u00e8tre et de 24 cm de hauteur. <br \/>Sa temp\u00e9rature est r\u00e9glable de 40\u00b0 \u00e0 100\u00b0. <\/p>\n<p>Dimensions : 50 x 28,5 x 39 cm<br \/>Poids du produit : 8,7 kilogrammes<\/p>\n","protected":false},"excerpt":{"rendered":"<p>Cet appareil \u00e0 hot dog se compose de 4 plots chauffants pour les petits pains, en forme de cylindre en verre de 20 cm de diam\u00e8tre et de 24 cm de hauteur. Sa temp\u00e9rature est r\u00e9glable de 40\u00b0 \u00e0 100\u00b0. Dimensions : 50 x 28,5 x 39 cmPoids du produit : 8,7 kilogrammes<\/p>\n","protected":false},"featured_media":2341,"template":"","meta":{"inline_featured_image":false},"product_brand":[],"product_cat":[2146],"product_tag":[],"class_list":{"0":"post-1207","1":"product","2":"type-product","3":"status-publish","4":"has-post-thumbnail","6":"product_cat-appareils","8":"first","9":"instock","10":"taxable","11":"shipping-taxable","12":"purchasable","13":"product-type-rentable"},"acf":[],"_links":{"self":[{"href":"https:\/\/indie.rent\/catalogue\/wp-json\/wp\/v2\/product\/1207","targetHints":{"allow":["GET"]}}],"collection":[{"href":"https:\/\/indie.rent\/catalogue\/wp-json\/wp\/v2\/product"}],"about":[{"href":"https:\/\/indie.rent\/catalogue\/wp-json\/wp\/v2\/types\/product"}],"version-history":[{"count":0,"href":"https:\/\/indie.rent\/catalogue\/wp-json\/wp\/v2\/product\/1207\/revisions"}],"wp:featuredmedia":[{"embeddable":true,"href":"https:\/\/indie.rent\/catalogue\/wp-json\/wp\/v2\/media\/2341"}],"wp:attachment":[{"href":"https:\/\/indie.rent\/catalogue\/wp-json\/wp\/v2\/media?parent=1207"}],"wp:term":[{"taxonomy":"product_brand","embeddable":true,"href":"https:\/\/indie.rent\/catalogue\/wp-json\/wp\/v2\/product_brand?post=1207"},{"taxonomy":"product_cat","embeddable":true,"href":"https:\/\/indie.rent\/catalogue\/wp-json\/wp\/v2\/product_cat?post=1207"},{"taxonomy":"product_tag","embeddable":true,"href":"https:\/\/indie.rent\/catalogue\/wp-json\/wp\/v2\/product_tag?post=1207"}],"curies":[{"name":"wp","href":"https:\/\/api.w.org\/{rel}","templated":true}]}}