{"id":1203,"date":"2025-01-10T17:29:23","date_gmt":"2025-01-10T16:29:23","guid":{"rendered":"https:\/\/indie.rent\/catalogue\/produit\/chauffage-dappoint-poele-a-gaz\/"},"modified":"2026-04-05T00:15:43","modified_gmt":"2026-04-04T22:15:43","slug":"chauffage-dappoint-poele-a-gaz","status":"publish","type":"product","link":"https:\/\/indie.rent\/catalogue\/produit\/chauffage-dappoint-poele-a-gaz\/","title":{"rendered":"Chauffage d&#8217;Appoint &#8211; Po\u00eale \u00e0 Gaz"},"content":{"rendered":"<p>Puissant et efficace. Ce parasol chauffant est con\u00e7u pour \u00eatre utilis\u00e9 avec des bouteilles de gaz liquide propane ou de butane jusqu&#8217;\u00e0 15 kg. L&#8217;appareil s&#8217;allume facilement gr\u00e2ce \u00e0 un allumage pi\u00e9zo\u00e9lectrique int\u00e9gr\u00e9 \u00e0 fonctionnement m\u00e9canique pur. <br \/>Un r\u00e9gulateur \u00e0 plusieurs niveaux permet \u00e9galement de r\u00e9guler l&#8217;alimentation en gaz. Ce chauffage d&#8217;ext\u00e9rieur produit jusqu&#8217;\u00e0 10 kW (728 g\/h) de puissance<br \/>calorifique et fournit rapidement et efficacement au site d&#8217;installation et aux personnes \u00e0 proximit\u00e9 une chaleur agr\u00e9able.<\/p>\n<p>Caract\u00e9ristiques:<br \/>\u2022 Puissance totale : 10 kW (728 g\/h)<br \/>\u2022 Pression de gaz : max. 50 mbar<br \/>\u2022 Gaz compatibles : propane et butane<br \/>\u2022 Rayonnement thermique \u00e0 travers le r\u00e9flecteur<br \/>\u2022 Tuyau de raccordement pr\u00e9-assembl\u00e9<br \/>\u2022 Degr\u00e9 d&#8217;efficacit\u00e9 optimale<br \/>\u2022 Poign\u00e9e de transport en acier inoxydable<br \/>\u2022 Grille de s\u00e9curit\u00e9 autour du br\u00fbleur<br \/>\u2022 Roulettes<br \/>\u2022 Protection contre le basculement avec coupure de gaz int\u00e9gr\u00e9e<br \/>\u2022 Housse de protection : enduite de polyur\u00e9thane, stabilis\u00e9e aux UV, r\u00e9sistante aux<br \/>intemp\u00e9ries et durable<\/p>\n<p>Dimensions:<br \/>\u2022 Diam\u00e8tre du radiateur : env. 40 cm<br \/>\u2022 Diam\u00e8tre du pied : env. 51 cm<br \/>\u2022 Hauteur : environ 142 cm<br \/>\u2022 Poids : env. 15 kg<\/p>\n","protected":false},"excerpt":{"rendered":"<p>Puissant et efficace. Ce parasol chauffant est con\u00e7u pour \u00eatre utilis\u00e9 avec des bouteilles de gaz liquide propane ou de butane jusqu&#8217;\u00e0 15 kg. L&#8217;appareil s&#8217;allume facilement gr\u00e2ce \u00e0 un allumage pi\u00e9zo\u00e9lectrique int\u00e9gr\u00e9 \u00e0 fonctionnement m\u00e9canique pur. Un r\u00e9gulateur \u00e0 plusieurs niveaux permet \u00e9galement de r\u00e9guler l&#8217;alimentation en gaz. Ce chauffage d&#8217;ext\u00e9rieur produit jusqu&#8217;\u00e0 10 [&hellip;]<\/p>\n","protected":false},"featured_media":2315,"template":"","meta":{"inline_featured_image":false},"product_brand":[],"product_cat":[2139],"product_tag":[],"class_list":{"0":"post-1203","1":"product","2":"type-product","3":"status-publish","4":"has-post-thumbnail","6":"product_cat-chauffage-au-gaz","8":"first","9":"instock","10":"taxable","11":"shipping-taxable","12":"purchasable","13":"product-type-rentable"},"acf":[],"_links":{"self":[{"href":"https:\/\/indie.rent\/catalogue\/wp-json\/wp\/v2\/product\/1203","targetHints":{"allow":["GET"]}}],"collection":[{"href":"https:\/\/indie.rent\/catalogue\/wp-json\/wp\/v2\/product"}],"about":[{"href":"https:\/\/indie.rent\/catalogue\/wp-json\/wp\/v2\/types\/product"}],"version-history":[{"count":0,"href":"https:\/\/indie.rent\/catalogue\/wp-json\/wp\/v2\/product\/1203\/revisions"}],"wp:featuredmedia":[{"embeddable":true,"href":"https:\/\/indie.rent\/catalogue\/wp-json\/wp\/v2\/media\/2315"}],"wp:attachment":[{"href":"https:\/\/indie.rent\/catalogue\/wp-json\/wp\/v2\/media?parent=1203"}],"wp:term":[{"taxonomy":"product_brand","embeddable":true,"href":"https:\/\/indie.rent\/catalogue\/wp-json\/wp\/v2\/product_brand?post=1203"},{"taxonomy":"product_cat","embeddable":true,"href":"https:\/\/indie.rent\/catalogue\/wp-json\/wp\/v2\/product_cat?post=1203"},{"taxonomy":"product_tag","embeddable":true,"href":"https:\/\/indie.rent\/catalogue\/wp-json\/wp\/v2\/product_tag?post=1203"}],"curies":[{"name":"wp","href":"https:\/\/api.w.org\/{rel}","templated":true}]}}