{"id":1198,"date":"2025-01-10T17:29:20","date_gmt":"2025-01-10T16:29:20","guid":{"rendered":"https:\/\/indie.rent\/catalogue\/produit\/filtre-arri-a-densite-neutre-fsnd-0-3-en-4x5-65-a-lunite\/"},"modified":"2026-04-04T00:14:55","modified_gmt":"2026-04-03T22:14:55","slug":"filtre-arri-a-densite-neutre-fsnd-0-3-en-4x5-65-a-lunite","status":"publish","type":"product","link":"https:\/\/indie.rent\/catalogue\/produit\/filtre-arri-a-densite-neutre-fsnd-0-3-en-4x5-65-a-lunite\/","title":{"rendered":"Filtre Arri \u00e0 densit\u00e9 neutre FSND 0.3 en 4&#215;5.65&#8243; &#8211; A l&#8217;Unit\u00e9"},"content":{"rendered":"<p>Filtre Arri ND 0.3 (-1 Diaph).<\/p>\n<p>Ce filtre ARRI \u00e0 densit\u00e9 neutre 0.3 permet de r\u00e9duire l&#8217;exposition de 1 diaph (-1 Stop). Comme il s&#8217;agit d&#8217;un FSND (Full Spectrum Neutral Density), il att\u00e9nue uniform\u00e9ment toutes les longueurs d&#8217;onde du spectre visible tout en prot\u00e9geant le capteur des contaminations IR (Infra Rouge) pour des couleurs coh\u00e9rentes lors des raccords entre les prises de vue captur\u00e9es avec et sans filtre.<\/p>\n","protected":false},"excerpt":{"rendered":"<p>Filtre Arri ND 0.3 (-1 Diaph). Ce filtre ARRI \u00e0 densit\u00e9 neutre 0.3 permet de r\u00e9duire l&#8217;exposition de 1 diaph (-1 Stop). Comme il s&#8217;agit d&#8217;un FSND (Full Spectrum Neutral Density), il att\u00e9nue uniform\u00e9ment toutes les longueurs d&#8217;onde du spectre visible tout en prot\u00e9geant le capteur des contaminations IR (Infra Rouge) pour des couleurs coh\u00e9rentes [&hellip;]<\/p>\n","protected":false},"featured_media":2227,"template":"","meta":{"inline_featured_image":false},"product_brand":[],"product_cat":[1939],"product_tag":[],"class_list":{"0":"post-1198","1":"product","2":"type-product","3":"status-publish","4":"has-post-thumbnail","6":"product_cat-filtres-4x5-6-correction","8":"first","9":"instock","10":"taxable","11":"shipping-taxable","12":"purchasable","13":"product-type-rentable"},"acf":[],"_links":{"self":[{"href":"https:\/\/indie.rent\/catalogue\/wp-json\/wp\/v2\/product\/1198","targetHints":{"allow":["GET"]}}],"collection":[{"href":"https:\/\/indie.rent\/catalogue\/wp-json\/wp\/v2\/product"}],"about":[{"href":"https:\/\/indie.rent\/catalogue\/wp-json\/wp\/v2\/types\/product"}],"version-history":[{"count":2,"href":"https:\/\/indie.rent\/catalogue\/wp-json\/wp\/v2\/product\/1198\/revisions"}],"predecessor-version":[{"id":5505,"href":"https:\/\/indie.rent\/catalogue\/wp-json\/wp\/v2\/product\/1198\/revisions\/5505"}],"wp:featuredmedia":[{"embeddable":true,"href":"https:\/\/indie.rent\/catalogue\/wp-json\/wp\/v2\/media\/2227"}],"wp:attachment":[{"href":"https:\/\/indie.rent\/catalogue\/wp-json\/wp\/v2\/media?parent=1198"}],"wp:term":[{"taxonomy":"product_brand","embeddable":true,"href":"https:\/\/indie.rent\/catalogue\/wp-json\/wp\/v2\/product_brand?post=1198"},{"taxonomy":"product_cat","embeddable":true,"href":"https:\/\/indie.rent\/catalogue\/wp-json\/wp\/v2\/product_cat?post=1198"},{"taxonomy":"product_tag","embeddable":true,"href":"https:\/\/indie.rent\/catalogue\/wp-json\/wp\/v2\/product_tag?post=1198"}],"curies":[{"name":"wp","href":"https:\/\/api.w.org\/{rel}","templated":true}]}}