{"id":1180,"date":"2025-01-10T17:29:06","date_gmt":"2025-01-10T16:29:06","guid":{"rendered":"https:\/\/indie.rent\/catalogue\/produit\/autopole-21-37-metres\/"},"modified":"2026-04-13T18:23:15","modified_gmt":"2026-04-13T16:23:15","slug":"grand-autopole-standard-21-37m","status":"publish","type":"product","link":"https:\/\/indie.rent\/catalogue\/produit\/grand-autopole-standard-21-37m\/","title":{"rendered":"Grand Autopole Standard 2,1-3,7m"},"content":{"rendered":"<p>Autopole  2,1-3,7 m\u00e8tres<\/p>\n<p>Autopole en aluminium . Extension de 2,10 m \u00e0 3,70m . Se fixe entre le sol et le plafond , ou entre 2 murs pour avoir un support vertical ou horizontal solide. Actionn\u00e9 par un simple levier avec excentrique agissant par pression sur des ventouses. L&#8217; Autopole est dot\u00e9 d&#8217;un m\u00e9canisme de levier de blocage \u00e0 2 r\u00e9glages de cette pression . <br \/>\u00d8: 45mm et 40mm<\/p>\n","protected":false},"excerpt":{"rendered":"<p>Autopole 2,1-3,7 m\u00e8tres Autopole en aluminium . Extension de 2,10 m \u00e0 3,70m . Se fixe entre le sol et le plafond , ou entre 2 murs pour avoir un support vertical ou horizontal solide. Actionn\u00e9 par un simple levier avec excentrique agissant par pression sur des ventouses. L&#8217; Autopole est dot\u00e9 d&#8217;un m\u00e9canisme de [&hellip;]<\/p>\n","protected":false},"featured_media":1942,"template":"","meta":{"inline_featured_image":false},"product_brand":[],"product_cat":[2001],"product_tag":[],"class_list":{"0":"post-1180","1":"product","2":"type-product","3":"status-publish","4":"has-post-thumbnail","6":"product_cat-autopole-etais","8":"first","9":"instock","10":"taxable","11":"shipping-taxable","12":"purchasable","13":"product-type-rentable"},"acf":[],"_links":{"self":[{"href":"https:\/\/indie.rent\/catalogue\/wp-json\/wp\/v2\/product\/1180","targetHints":{"allow":["GET"]}}],"collection":[{"href":"https:\/\/indie.rent\/catalogue\/wp-json\/wp\/v2\/product"}],"about":[{"href":"https:\/\/indie.rent\/catalogue\/wp-json\/wp\/v2\/types\/product"}],"version-history":[{"count":0,"href":"https:\/\/indie.rent\/catalogue\/wp-json\/wp\/v2\/product\/1180\/revisions"}],"wp:featuredmedia":[{"embeddable":true,"href":"https:\/\/indie.rent\/catalogue\/wp-json\/wp\/v2\/media\/1942"}],"wp:attachment":[{"href":"https:\/\/indie.rent\/catalogue\/wp-json\/wp\/v2\/media?parent=1180"}],"wp:term":[{"taxonomy":"product_brand","embeddable":true,"href":"https:\/\/indie.rent\/catalogue\/wp-json\/wp\/v2\/product_brand?post=1180"},{"taxonomy":"product_cat","embeddable":true,"href":"https:\/\/indie.rent\/catalogue\/wp-json\/wp\/v2\/product_cat?post=1180"},{"taxonomy":"product_tag","embeddable":true,"href":"https:\/\/indie.rent\/catalogue\/wp-json\/wp\/v2\/product_tag?post=1180"}],"curies":[{"name":"wp","href":"https:\/\/api.w.org\/{rel}","templated":true}]}}