{"id":1179,"date":"2025-01-10T17:29:06","date_gmt":"2025-01-10T16:29:06","guid":{"rendered":"https:\/\/indie.rent\/catalogue\/produit\/autopole-15-27-metres\/"},"modified":"2026-04-13T18:23:14","modified_gmt":"2026-04-13T16:23:14","slug":"moyen-autopole-standard-15-27m","status":"publish","type":"product","link":"https:\/\/indie.rent\/catalogue\/produit\/moyen-autopole-standard-15-27m\/","title":{"rendered":"Moyen Autopole Standard 1,5-2,7m"},"content":{"rendered":"<p>Autopole  1,5-2,7 m\u00e8tres<\/p>\n<p>Cet autopole en aluminium offre une extension de 150 \u00e0 270 cm. Il est \u00e9quip\u00e9 du syst\u00e8me brevet\u00e9 de verrouillage Autopole2 \u00e0 deux niveaux pour la tension de serrage. <br \/>Diam\u00e8tres : 45 mm et 40 mm.<br \/>L\u2019autopole est un support qui se fixe entre le sol et le plafond ou entre deux murs pour avoir un support vertical ou horizontal solide.<\/p>\n","protected":false},"excerpt":{"rendered":"<p>Autopole 1,5-2,7 m\u00e8tres Cet autopole en aluminium offre une extension de 150 \u00e0 270 cm. Il est \u00e9quip\u00e9 du syst\u00e8me brevet\u00e9 de verrouillage Autopole2 \u00e0 deux niveaux pour la tension de serrage. Diam\u00e8tres : 45 mm et 40 mm.L\u2019autopole est un support qui se fixe entre le sol et le plafond ou entre deux murs [&hellip;]<\/p>\n","protected":false},"featured_media":1941,"template":"","meta":{"inline_featured_image":false},"product_brand":[],"product_cat":[2001],"product_tag":[],"class_list":{"0":"post-1179","1":"product","2":"type-product","3":"status-publish","4":"has-post-thumbnail","6":"product_cat-autopole-etais","8":"first","9":"instock","10":"taxable","11":"shipping-taxable","12":"purchasable","13":"product-type-rentable"},"acf":[],"_links":{"self":[{"href":"https:\/\/indie.rent\/catalogue\/wp-json\/wp\/v2\/product\/1179","targetHints":{"allow":["GET"]}}],"collection":[{"href":"https:\/\/indie.rent\/catalogue\/wp-json\/wp\/v2\/product"}],"about":[{"href":"https:\/\/indie.rent\/catalogue\/wp-json\/wp\/v2\/types\/product"}],"version-history":[{"count":0,"href":"https:\/\/indie.rent\/catalogue\/wp-json\/wp\/v2\/product\/1179\/revisions"}],"wp:featuredmedia":[{"embeddable":true,"href":"https:\/\/indie.rent\/catalogue\/wp-json\/wp\/v2\/media\/1941"}],"wp:attachment":[{"href":"https:\/\/indie.rent\/catalogue\/wp-json\/wp\/v2\/media?parent=1179"}],"wp:term":[{"taxonomy":"product_brand","embeddable":true,"href":"https:\/\/indie.rent\/catalogue\/wp-json\/wp\/v2\/product_brand?post=1179"},{"taxonomy":"product_cat","embeddable":true,"href":"https:\/\/indie.rent\/catalogue\/wp-json\/wp\/v2\/product_cat?post=1179"},{"taxonomy":"product_tag","embeddable":true,"href":"https:\/\/indie.rent\/catalogue\/wp-json\/wp\/v2\/product_tag?post=1179"}],"curies":[{"name":"wp","href":"https:\/\/api.w.org\/{rel}","templated":true}]}}