{"id":1170,"date":"2025-01-10T17:29:00","date_gmt":"2025-01-10T16:29:00","guid":{"rendered":"https:\/\/indie.rent\/catalogue\/produit\/base-plate-nicerig-en-15mm-compatibe-dovetail-rosace-arri\/"},"modified":"2026-04-16T18:37:57","modified_gmt":"2026-04-16T16:37:57","slug":"base-plate-nicerig-en-15mm-compatible-dovetail-rosace-arri","status":"publish","type":"product","link":"https:\/\/indie.rent\/catalogue\/produit\/base-plate-nicerig-en-15mm-compatible-dovetail-rosace-arri\/","title":{"rendered":"Base Plate NiceRig en 15mm Compatible Dovetail &#038; Rosace Arri"},"content":{"rendered":"<p>Le kit de plaque de base Niceyrig 512 offre une grande flexibilit\u00e9 pour la cr\u00e9ation de syst\u00e8mes de support sur Tiges de 15 mm ou du kit de support d&#8217;\u00e9paule double Arri.<\/p>\n<p>Compatible avec les dovtail Arri, la base est \u00e9galement \u00e9quip\u00e9e de trois pas de vis 1\/4&#8243; pour la fixation d&#8217;autres plaques ou tr\u00e9pieds. Enti\u00e8rement en alliage d&#8217;aluminium, elle garantit une qualit\u00e9 constante et un maintien stable et s\u00fbr de la cam\u00e9ra.<\/p>\n","protected":false},"excerpt":{"rendered":"<p>Le kit de plaque de base Niceyrig 512 offre une grande flexibilit\u00e9 pour la cr\u00e9ation de syst\u00e8mes de support sur Tiges de 15 mm ou du kit de support d&#8217;\u00e9paule double Arri. Compatible avec les dovtail Arri, la base est \u00e9galement \u00e9quip\u00e9e de trois pas de vis 1\/4&#8243; pour la fixation d&#8217;autres plaques ou tr\u00e9pieds. [&hellip;]<\/p>\n","protected":false},"featured_media":3371,"template":"","meta":{"inline_featured_image":false},"product_brand":[],"product_cat":[1947],"product_tag":[],"class_list":{"0":"post-1170","1":"product","2":"type-product","3":"status-publish","4":"has-post-thumbnail","6":"product_cat-quick-release-plate","8":"first","9":"instock","10":"taxable","11":"shipping-taxable","12":"purchasable","13":"product-type-rentable"},"acf":[],"_links":{"self":[{"href":"https:\/\/indie.rent\/catalogue\/wp-json\/wp\/v2\/product\/1170","targetHints":{"allow":["GET"]}}],"collection":[{"href":"https:\/\/indie.rent\/catalogue\/wp-json\/wp\/v2\/product"}],"about":[{"href":"https:\/\/indie.rent\/catalogue\/wp-json\/wp\/v2\/types\/product"}],"version-history":[{"count":0,"href":"https:\/\/indie.rent\/catalogue\/wp-json\/wp\/v2\/product\/1170\/revisions"}],"wp:featuredmedia":[{"embeddable":true,"href":"https:\/\/indie.rent\/catalogue\/wp-json\/wp\/v2\/media\/3371"}],"wp:attachment":[{"href":"https:\/\/indie.rent\/catalogue\/wp-json\/wp\/v2\/media?parent=1170"}],"wp:term":[{"taxonomy":"product_brand","embeddable":true,"href":"https:\/\/indie.rent\/catalogue\/wp-json\/wp\/v2\/product_brand?post=1170"},{"taxonomy":"product_cat","embeddable":true,"href":"https:\/\/indie.rent\/catalogue\/wp-json\/wp\/v2\/product_cat?post=1170"},{"taxonomy":"product_tag","embeddable":true,"href":"https:\/\/indie.rent\/catalogue\/wp-json\/wp\/v2\/product_tag?post=1170"}],"curies":[{"name":"wp","href":"https:\/\/api.w.org\/{rel}","templated":true}]}}