{"id":1162,"date":"2025-01-10T17:28:56","date_gmt":"2025-01-10T16:28:56","guid":{"rendered":"https:\/\/indie.rent\/catalogue\/produit\/refrigerateur\/"},"modified":"2026-04-16T17:14:36","modified_gmt":"2026-04-16T15:14:36","slug":"refrigerateur","status":"publish","type":"product","link":"https:\/\/indie.rent\/catalogue\/produit\/refrigerateur\/","title":{"rendered":"R\u00e9frig\u00e9rateur"},"content":{"rendered":"<p>Des r\u00e9frig\u00e9rateurs sont disponibles \u00e0 la location chez nous !<\/p>\n<p>Caract\u00e9ristiques :<br \/>R\u00e9frig\u00e9rateur d\u2019une capacit\u00e9 de stockage de 110L<br \/>Id\u00e9al pour l\u2019organisation d\u2019une zone de rafra\u00eechissement d\u2019appoint.<br \/>Il poss\u00e8de 3 \u00e9tages dont la hauteur est modulable.<\/p>\n","protected":false},"excerpt":{"rendered":"<p>Des r\u00e9frig\u00e9rateurs sont disponibles \u00e0 la location chez nous ! Caract\u00e9ristiques :R\u00e9frig\u00e9rateur d\u2019une capacit\u00e9 de stockage de 110LId\u00e9al pour l\u2019organisation d\u2019une zone de rafra\u00eechissement d\u2019appoint.Il poss\u00e8de 3 \u00e9tages dont la hauteur est modulable.<\/p>\n","protected":false},"featured_media":2053,"template":"","meta":{"inline_featured_image":false},"product_brand":[],"product_cat":[2147],"product_tag":[],"class_list":{"0":"post-1162","1":"product","2":"type-product","3":"status-publish","4":"has-post-thumbnail","6":"product_cat-conservation","8":"first","9":"instock","10":"taxable","11":"shipping-taxable","12":"purchasable","13":"product-type-rentable"},"acf":[],"_links":{"self":[{"href":"https:\/\/indie.rent\/catalogue\/wp-json\/wp\/v2\/product\/1162","targetHints":{"allow":["GET"]}}],"collection":[{"href":"https:\/\/indie.rent\/catalogue\/wp-json\/wp\/v2\/product"}],"about":[{"href":"https:\/\/indie.rent\/catalogue\/wp-json\/wp\/v2\/types\/product"}],"version-history":[{"count":0,"href":"https:\/\/indie.rent\/catalogue\/wp-json\/wp\/v2\/product\/1162\/revisions"}],"wp:featuredmedia":[{"embeddable":true,"href":"https:\/\/indie.rent\/catalogue\/wp-json\/wp\/v2\/media\/2053"}],"wp:attachment":[{"href":"https:\/\/indie.rent\/catalogue\/wp-json\/wp\/v2\/media?parent=1162"}],"wp:term":[{"taxonomy":"product_brand","embeddable":true,"href":"https:\/\/indie.rent\/catalogue\/wp-json\/wp\/v2\/product_brand?post=1162"},{"taxonomy":"product_cat","embeddable":true,"href":"https:\/\/indie.rent\/catalogue\/wp-json\/wp\/v2\/product_cat?post=1162"},{"taxonomy":"product_tag","embeddable":true,"href":"https:\/\/indie.rent\/catalogue\/wp-json\/wp\/v2\/product_tag?post=1162"}],"curies":[{"name":"wp","href":"https:\/\/api.w.org\/{rel}","templated":true}]}}