{"id":1160,"date":"2025-01-10T17:28:55","date_gmt":"2025-01-10T16:28:55","guid":{"rendered":"https:\/\/indie.rent\/catalogue\/produit\/chariot-pliable\/"},"modified":"2026-04-16T17:38:06","modified_gmt":"2026-04-16T15:38:06","slug":"chariot-pliable","status":"publish","type":"product","link":"https:\/\/indie.rent\/catalogue\/produit\/chariot-pliable\/","title":{"rendered":"Chariot pliable"},"content":{"rendered":"<p>Le Chariot pliable Campart se replie de fa\u00e7on tr\u00e8s compacte afin de pouvoir le ranger facilement dans votre camion ou le coffre d&#8217;une voiture. <br \/>Gr\u00e2ce au syst\u00e8me de pliage pratique, une main suffit pour replier le chariot et une petite pouss\u00e9e pour le d\u00e9plier. Il suffit de tirer le levier sur le fond du chariot et il se replie \u00e0 une dimension de 42,5 x 21 x 80 cm.<br \/>Gr\u00e2ce \u00e0 son poids modeste de 11 kg, le chariot peut \u00e9galement \u00eatre facilement soulev\u00e9 ou transport\u00e9.<\/p>\n","protected":false},"excerpt":{"rendered":"<p>Le Chariot pliable Campart se replie de fa\u00e7on tr\u00e8s compacte afin de pouvoir le ranger facilement dans votre camion ou le coffre d&#8217;une voiture. Gr\u00e2ce au syst\u00e8me de pliage pratique, une main suffit pour replier le chariot et une petite pouss\u00e9e pour le d\u00e9plier. Il suffit de tirer le levier sur le fond du chariot [&hellip;]<\/p>\n","protected":false},"featured_media":2352,"template":"","meta":{"inline_featured_image":false},"product_brand":[],"product_cat":[2130],"product_tag":[],"class_list":{"0":"post-1160","1":"product","2":"type-product","3":"status-publish","4":"has-post-thumbnail","6":"product_cat-diable","8":"first","9":"instock","10":"taxable","11":"shipping-taxable","12":"purchasable","13":"product-type-rentable"},"acf":[],"_links":{"self":[{"href":"https:\/\/indie.rent\/catalogue\/wp-json\/wp\/v2\/product\/1160","targetHints":{"allow":["GET"]}}],"collection":[{"href":"https:\/\/indie.rent\/catalogue\/wp-json\/wp\/v2\/product"}],"about":[{"href":"https:\/\/indie.rent\/catalogue\/wp-json\/wp\/v2\/types\/product"}],"version-history":[{"count":0,"href":"https:\/\/indie.rent\/catalogue\/wp-json\/wp\/v2\/product\/1160\/revisions"}],"wp:featuredmedia":[{"embeddable":true,"href":"https:\/\/indie.rent\/catalogue\/wp-json\/wp\/v2\/media\/2352"}],"wp:attachment":[{"href":"https:\/\/indie.rent\/catalogue\/wp-json\/wp\/v2\/media?parent=1160"}],"wp:term":[{"taxonomy":"product_brand","embeddable":true,"href":"https:\/\/indie.rent\/catalogue\/wp-json\/wp\/v2\/product_brand?post=1160"},{"taxonomy":"product_cat","embeddable":true,"href":"https:\/\/indie.rent\/catalogue\/wp-json\/wp\/v2\/product_cat?post=1160"},{"taxonomy":"product_tag","embeddable":true,"href":"https:\/\/indie.rent\/catalogue\/wp-json\/wp\/v2\/product_tag?post=1160"}],"curies":[{"name":"wp","href":"https:\/\/api.w.org\/{rel}","templated":true}]}}