{"id":1157,"date":"2025-01-10T17:28:54","date_gmt":"2025-01-10T16:28:54","guid":{"rendered":"https:\/\/indie.rent\/catalogue\/produit\/etai-telescopique-grand-modele-160-a-290m\/"},"modified":"2026-04-16T18:37:58","modified_gmt":"2026-04-16T16:37:58","slug":"etai-telescopique-grand-modele-160-a-290m","status":"publish","type":"product","link":"https:\/\/indie.rent\/catalogue\/produit\/etai-telescopique-grand-modele-160-a-290m\/","title":{"rendered":"\u00c9tai t\u00e9lescopique Grand Mod\u00e8le -1,60 \u00e0 2,90m"},"content":{"rendered":"<p>\u00c9tai t\u00e9lescopique<\/p>\n","protected":false},"excerpt":{"rendered":"<p>\u00c9tai t\u00e9lescopique<\/p>\n","protected":false},"featured_media":2164,"template":"","meta":{"inline_featured_image":false},"product_brand":[],"product_cat":[2001],"product_tag":[],"class_list":{"0":"post-1157","1":"product","2":"type-product","3":"status-publish","4":"has-post-thumbnail","6":"product_cat-autopole-etais","8":"first","9":"instock","10":"taxable","11":"shipping-taxable","12":"purchasable","13":"product-type-rentable"},"acf":[],"_links":{"self":[{"href":"https:\/\/indie.rent\/catalogue\/wp-json\/wp\/v2\/product\/1157","targetHints":{"allow":["GET"]}}],"collection":[{"href":"https:\/\/indie.rent\/catalogue\/wp-json\/wp\/v2\/product"}],"about":[{"href":"https:\/\/indie.rent\/catalogue\/wp-json\/wp\/v2\/types\/product"}],"version-history":[{"count":0,"href":"https:\/\/indie.rent\/catalogue\/wp-json\/wp\/v2\/product\/1157\/revisions"}],"wp:featuredmedia":[{"embeddable":true,"href":"https:\/\/indie.rent\/catalogue\/wp-json\/wp\/v2\/media\/2164"}],"wp:attachment":[{"href":"https:\/\/indie.rent\/catalogue\/wp-json\/wp\/v2\/media?parent=1157"}],"wp:term":[{"taxonomy":"product_brand","embeddable":true,"href":"https:\/\/indie.rent\/catalogue\/wp-json\/wp\/v2\/product_brand?post=1157"},{"taxonomy":"product_cat","embeddable":true,"href":"https:\/\/indie.rent\/catalogue\/wp-json\/wp\/v2\/product_cat?post=1157"},{"taxonomy":"product_tag","embeddable":true,"href":"https:\/\/indie.rent\/catalogue\/wp-json\/wp\/v2\/product_tag?post=1157"}],"curies":[{"name":"wp","href":"https:\/\/api.w.org\/{rel}","templated":true}]}}