{"id":1150,"date":"2025-01-10T17:28:51","date_gmt":"2025-01-10T16:28:51","guid":{"rendered":"https:\/\/indie.rent\/catalogue\/produit\/kit-de-premiers-secours-grand\/"},"modified":"2026-04-09T19:45:10","modified_gmt":"2026-04-09T17:45:10","slug":"kit-de-premiers-secours-grand","status":"publish","type":"product","link":"https:\/\/indie.rent\/catalogue\/produit\/kit-de-premiers-secours-grand\/","title":{"rendered":"Kit de Premiers Secours &#8211; Grand"},"content":{"rendered":"<p>De grand sac \u00e0 kit de premiers secours sont disponibles \u00e0 la location chez Indie !<\/p>\n<p>Contenu de la trousse de premiers soins<br \/>1 x brochure d&#8217;information<br \/>6 x bandages st\u00e9riles moyens<br \/>4 x grands bandages st\u00e9riles<br \/>4 x bandages triangulaires<br \/>24 x \u00e9pingles de s\u00fbret\u00e9<br \/>4 x bandages pour les yeux<br \/>100 x pansements<br \/>40 x lingettes de nettoyage st\u00e9riles<br \/>3 x ruban adh\u00e9sif<br \/>12 x gants en nitrile jetables (paires)<br \/>4 x st\u00e9riles pansements pour les doigts<br \/>2 x bouclier bouche \u00e0 bouche<br \/>3 x couvercle en aluminium<br \/>2 x pansement pour br\u00fblures<br \/>1 x cisaille<br \/>2 x bandage<br \/>1 x sac de premiers secours JFA<\/p>\n","protected":false},"excerpt":{"rendered":"<p>De grand sac \u00e0 kit de premiers secours sont disponibles \u00e0 la location chez Indie ! Contenu de la trousse de premiers soins1 x brochure d&#8217;information6 x bandages st\u00e9riles moyens4 x grands bandages st\u00e9riles4 x bandages triangulaires24 x \u00e9pingles de s\u00fbret\u00e94 x bandages pour les yeux100 x pansements40 x lingettes de nettoyage st\u00e9riles3 x ruban [&hellip;]<\/p>\n","protected":false},"featured_media":3679,"template":"","meta":{"inline_featured_image":false},"product_brand":[],"product_cat":[2154],"product_tag":[],"class_list":{"0":"post-1150","1":"product","2":"type-product","3":"status-publish","4":"has-post-thumbnail","6":"product_cat-pharmacie","8":"first","9":"instock","10":"taxable","11":"shipping-taxable","12":"purchasable","13":"product-type-rentable"},"acf":[],"_links":{"self":[{"href":"https:\/\/indie.rent\/catalogue\/wp-json\/wp\/v2\/product\/1150","targetHints":{"allow":["GET"]}}],"collection":[{"href":"https:\/\/indie.rent\/catalogue\/wp-json\/wp\/v2\/product"}],"about":[{"href":"https:\/\/indie.rent\/catalogue\/wp-json\/wp\/v2\/types\/product"}],"version-history":[{"count":0,"href":"https:\/\/indie.rent\/catalogue\/wp-json\/wp\/v2\/product\/1150\/revisions"}],"wp:featuredmedia":[{"embeddable":true,"href":"https:\/\/indie.rent\/catalogue\/wp-json\/wp\/v2\/media\/3679"}],"wp:attachment":[{"href":"https:\/\/indie.rent\/catalogue\/wp-json\/wp\/v2\/media?parent=1150"}],"wp:term":[{"taxonomy":"product_brand","embeddable":true,"href":"https:\/\/indie.rent\/catalogue\/wp-json\/wp\/v2\/product_brand?post=1150"},{"taxonomy":"product_cat","embeddable":true,"href":"https:\/\/indie.rent\/catalogue\/wp-json\/wp\/v2\/product_cat?post=1150"},{"taxonomy":"product_tag","embeddable":true,"href":"https:\/\/indie.rent\/catalogue\/wp-json\/wp\/v2\/product_tag?post=1150"}],"curies":[{"name":"wp","href":"https:\/\/api.w.org\/{rel}","templated":true}]}}