{"id":1148,"date":"2025-01-10T17:28:50","date_gmt":"2025-01-10T16:28:50","guid":{"rendered":"https:\/\/indie.rent\/catalogue\/produit\/miroir-leger-de-deco-a-poser\/"},"modified":"2026-04-10T10:32:05","modified_gmt":"2026-04-10T08:32:05","slug":"miroir-leger-de-deco-a-poser","status":"publish","type":"product","link":"https:\/\/indie.rent\/catalogue\/produit\/miroir-leger-de-deco-a-poser\/","title":{"rendered":"Miroir L\u00e9ger de D\u00e9co (\u00e0 Poser)"},"content":{"rendered":"<p>Des miroirs sont disponible \u00e0 la location chez Indie ! <\/p>\n<p>Dimensions :<br \/>55cm x 74cm<\/p>\n","protected":false},"excerpt":{"rendered":"<p>Des miroirs sont disponible \u00e0 la location chez Indie ! Dimensions :55cm x 74cm<\/p>\n","protected":false},"featured_media":2529,"template":"","meta":{"inline_featured_image":false},"product_brand":[],"product_cat":[2149],"product_tag":[],"class_list":{"0":"post-1148","1":"product","2":"type-product","3":"status-publish","4":"has-post-thumbnail","6":"product_cat-maquillage","8":"first","9":"instock","10":"taxable","11":"shipping-taxable","12":"purchasable","13":"product-type-rentable"},"acf":[],"_links":{"self":[{"href":"https:\/\/indie.rent\/catalogue\/wp-json\/wp\/v2\/product\/1148","targetHints":{"allow":["GET"]}}],"collection":[{"href":"https:\/\/indie.rent\/catalogue\/wp-json\/wp\/v2\/product"}],"about":[{"href":"https:\/\/indie.rent\/catalogue\/wp-json\/wp\/v2\/types\/product"}],"version-history":[{"count":0,"href":"https:\/\/indie.rent\/catalogue\/wp-json\/wp\/v2\/product\/1148\/revisions"}],"wp:featuredmedia":[{"embeddable":true,"href":"https:\/\/indie.rent\/catalogue\/wp-json\/wp\/v2\/media\/2529"}],"wp:attachment":[{"href":"https:\/\/indie.rent\/catalogue\/wp-json\/wp\/v2\/media?parent=1148"}],"wp:term":[{"taxonomy":"product_brand","embeddable":true,"href":"https:\/\/indie.rent\/catalogue\/wp-json\/wp\/v2\/product_brand?post=1148"},{"taxonomy":"product_cat","embeddable":true,"href":"https:\/\/indie.rent\/catalogue\/wp-json\/wp\/v2\/product_cat?post=1148"},{"taxonomy":"product_tag","embeddable":true,"href":"https:\/\/indie.rent\/catalogue\/wp-json\/wp\/v2\/product_tag?post=1148"}],"curies":[{"name":"wp","href":"https:\/\/api.w.org\/{rel}","templated":true}]}}