{"id":1142,"date":"2025-01-10T17:28:47","date_gmt":"2025-01-10T16:28:47","guid":{"rendered":"https:\/\/indie.rent\/catalogue\/produit\/etai-telescopique-moyen-modele-101-a-177m\/"},"modified":"2026-04-13T19:03:59","modified_gmt":"2026-04-13T17:03:59","slug":"etai-telescopique-moyen-modele-101-a-177m","status":"publish","type":"product","link":"https:\/\/indie.rent\/catalogue\/produit\/etai-telescopique-moyen-modele-101-a-177m\/","title":{"rendered":"\u00c9tai t\u00e9lescopique Moyen  Mod\u00e8le -1,01 \u00e0 1,77m"},"content":{"rendered":"<p>\u00c9tai t\u00e9lescopique<\/p>\n","protected":false},"excerpt":{"rendered":"<p>\u00c9tai t\u00e9lescopique<\/p>\n","protected":false},"featured_media":2776,"template":"","meta":{"inline_featured_image":false},"product_brand":[],"product_cat":[2001],"product_tag":[],"class_list":{"0":"post-1142","1":"product","2":"type-product","3":"status-publish","4":"has-post-thumbnail","6":"product_cat-autopole-etais","8":"first","9":"instock","10":"taxable","11":"shipping-taxable","12":"purchasable","13":"product-type-rentable"},"acf":[],"_links":{"self":[{"href":"https:\/\/indie.rent\/catalogue\/wp-json\/wp\/v2\/product\/1142","targetHints":{"allow":["GET"]}}],"collection":[{"href":"https:\/\/indie.rent\/catalogue\/wp-json\/wp\/v2\/product"}],"about":[{"href":"https:\/\/indie.rent\/catalogue\/wp-json\/wp\/v2\/types\/product"}],"version-history":[{"count":0,"href":"https:\/\/indie.rent\/catalogue\/wp-json\/wp\/v2\/product\/1142\/revisions"}],"wp:featuredmedia":[{"embeddable":true,"href":"https:\/\/indie.rent\/catalogue\/wp-json\/wp\/v2\/media\/2776"}],"wp:attachment":[{"href":"https:\/\/indie.rent\/catalogue\/wp-json\/wp\/v2\/media?parent=1142"}],"wp:term":[{"taxonomy":"product_brand","embeddable":true,"href":"https:\/\/indie.rent\/catalogue\/wp-json\/wp\/v2\/product_brand?post=1142"},{"taxonomy":"product_cat","embeddable":true,"href":"https:\/\/indie.rent\/catalogue\/wp-json\/wp\/v2\/product_cat?post=1142"},{"taxonomy":"product_tag","embeddable":true,"href":"https:\/\/indie.rent\/catalogue\/wp-json\/wp\/v2\/product_tag?post=1142"}],"curies":[{"name":"wp","href":"https:\/\/api.w.org\/{rel}","templated":true}]}}