{"id":1131,"date":"2025-01-10T17:28:42","date_gmt":"2025-01-10T16:28:42","guid":{"rendered":"https:\/\/indie.rent\/catalogue\/produit\/tapis-chauffant-50x30cm-en-usb-c-femelle-5v-10w\/"},"modified":"2026-04-15T16:38:40","modified_gmt":"2026-04-15T14:38:40","slug":"tapis-chauffant-50x30cm-en-usb-c-femelle-5v-10w","status":"publish","type":"product","link":"https:\/\/indie.rent\/catalogue\/produit\/tapis-chauffant-50x30cm-en-usb-c-femelle-5v-10w\/","title":{"rendered":"Tapis Chauffant 50x30cm en USB-C Femelle (5V\/10W)"},"content":{"rendered":"<p>Tapis chauffant pour cam\u00e9ra et batterie en tournage par temps froid.<\/p>\n<p>La temp\u00e9rature peut aller jusqu&#8217;\u00e0 30 degr\u00e9s Celsius.<\/p>\n","protected":false},"excerpt":{"rendered":"<p>Tapis chauffant pour cam\u00e9ra et batterie en tournage par temps froid. La temp\u00e9rature peut aller jusqu&#8217;\u00e0 30 degr\u00e9s Celsius.<\/p>\n","protected":false},"featured_media":3375,"template":"","meta":{"inline_featured_image":false},"product_brand":[],"product_cat":[1950],"product_tag":[],"class_list":{"0":"post-1131","1":"product","2":"type-product","3":"status-publish","4":"has-post-thumbnail","6":"product_cat-assistant","8":"first","9":"instock","10":"taxable","11":"shipping-taxable","12":"purchasable","13":"product-type-rentable"},"acf":[],"_links":{"self":[{"href":"https:\/\/indie.rent\/catalogue\/wp-json\/wp\/v2\/product\/1131","targetHints":{"allow":["GET"]}}],"collection":[{"href":"https:\/\/indie.rent\/catalogue\/wp-json\/wp\/v2\/product"}],"about":[{"href":"https:\/\/indie.rent\/catalogue\/wp-json\/wp\/v2\/types\/product"}],"version-history":[{"count":0,"href":"https:\/\/indie.rent\/catalogue\/wp-json\/wp\/v2\/product\/1131\/revisions"}],"wp:featuredmedia":[{"embeddable":true,"href":"https:\/\/indie.rent\/catalogue\/wp-json\/wp\/v2\/media\/3375"}],"wp:attachment":[{"href":"https:\/\/indie.rent\/catalogue\/wp-json\/wp\/v2\/media?parent=1131"}],"wp:term":[{"taxonomy":"product_brand","embeddable":true,"href":"https:\/\/indie.rent\/catalogue\/wp-json\/wp\/v2\/product_brand?post=1131"},{"taxonomy":"product_cat","embeddable":true,"href":"https:\/\/indie.rent\/catalogue\/wp-json\/wp\/v2\/product_cat?post=1131"},{"taxonomy":"product_tag","embeddable":true,"href":"https:\/\/indie.rent\/catalogue\/wp-json\/wp\/v2\/product_tag?post=1131"}],"curies":[{"name":"wp","href":"https:\/\/api.w.org\/{rel}","templated":true}]}}