{"id":1121,"date":"2025-01-10T17:28:32","date_gmt":"2025-01-10T16:28:32","guid":{"rendered":"https:\/\/indie.rent\/catalogue\/produit\/plaque-v-lock-fxlion-pour-sony-pxw-fx9\/"},"modified":"2026-04-15T17:34:30","modified_gmt":"2026-04-15T15:34:30","slug":"plaque-v-lock-fxlion-pour-sony-pxw-fx9","status":"publish","type":"product","link":"https:\/\/indie.rent\/catalogue\/produit\/plaque-v-lock-fxlion-pour-sony-pxw-fx9\/","title":{"rendered":"Plaque V-Lock Fxlion Pour Sony PXW-FX9"},"content":{"rendered":"<p>Cette plaque est con\u00e7ue pour alimenter la cam\u00e9ra Sony FX9 avec des batteries V-Mount offrant ainsi une plus grande autonomie mais aussi l&#8217;alimentation de tous vos accessoires sur la configuration cam\u00e9ra. Un c\u00e2ble de connexion de cam\u00e9ra int\u00e9gr\u00e9 est inclus avec la plaque.<\/p>\n","protected":false},"excerpt":{"rendered":"<p>Cette plaque est con\u00e7ue pour alimenter la cam\u00e9ra Sony FX9 avec des batteries V-Mount offrant ainsi une plus grande autonomie mais aussi l&#8217;alimentation de tous vos accessoires sur la configuration cam\u00e9ra. Un c\u00e2ble de connexion de cam\u00e9ra int\u00e9gr\u00e9 est inclus avec la plaque.<\/p>\n","protected":false},"featured_media":2438,"template":"","meta":{"inline_featured_image":false},"product_brand":[],"product_cat":[1979],"product_tag":[],"class_list":{"0":"post-1121","1":"product","2":"type-product","3":"status-publish","4":"has-post-thumbnail","6":"product_cat-cables-dalimentation","8":"first","9":"instock","10":"taxable","11":"shipping-taxable","12":"purchasable","13":"product-type-rentable"},"acf":[],"_links":{"self":[{"href":"https:\/\/indie.rent\/catalogue\/wp-json\/wp\/v2\/product\/1121","targetHints":{"allow":["GET"]}}],"collection":[{"href":"https:\/\/indie.rent\/catalogue\/wp-json\/wp\/v2\/product"}],"about":[{"href":"https:\/\/indie.rent\/catalogue\/wp-json\/wp\/v2\/types\/product"}],"version-history":[{"count":0,"href":"https:\/\/indie.rent\/catalogue\/wp-json\/wp\/v2\/product\/1121\/revisions"}],"wp:featuredmedia":[{"embeddable":true,"href":"https:\/\/indie.rent\/catalogue\/wp-json\/wp\/v2\/media\/2438"}],"wp:attachment":[{"href":"https:\/\/indie.rent\/catalogue\/wp-json\/wp\/v2\/media?parent=1121"}],"wp:term":[{"taxonomy":"product_brand","embeddable":true,"href":"https:\/\/indie.rent\/catalogue\/wp-json\/wp\/v2\/product_brand?post=1121"},{"taxonomy":"product_cat","embeddable":true,"href":"https:\/\/indie.rent\/catalogue\/wp-json\/wp\/v2\/product_cat?post=1121"},{"taxonomy":"product_tag","embeddable":true,"href":"https:\/\/indie.rent\/catalogue\/wp-json\/wp\/v2\/product_tag?post=1121"}],"curies":[{"name":"wp","href":"https:\/\/api.w.org\/{rel}","templated":true}]}}