{"id":1117,"date":"2025-01-10T17:28:30","date_gmt":"2025-01-10T16:28:30","guid":{"rendered":"https:\/\/indie.rent\/catalogue\/produit\/passage-de-cable-1m\/"},"modified":"2026-04-16T17:39:22","modified_gmt":"2026-04-16T15:39:22","slug":"passage-de-cable-1m","status":"publish","type":"product","link":"https:\/\/indie.rent\/catalogue\/produit\/passage-de-cable-1m\/","title":{"rendered":"Passage de C\u00e2ble 1m"},"content":{"rendered":"<p>Des passage de c\u00e2bles sont disponibles \u00e0 la location chez nous !<\/p>\n<p>Caract\u00e9ristiques : <br \/>3 canaux<br \/>Couvercle antid\u00e9rapant<br \/>Diam\u00e8tre des canaux: 18 mm<br \/>Longueur: 100 cm<br \/>Largeur: 29 cm<br \/>Hauteur: 4,8 cm<br \/>Capacit\u00e9 de charge: 2 tonnes \/ 20 cm\u00b2<br \/>Poids: 5 kg<\/p>\n","protected":false},"excerpt":{"rendered":"<p>Des passage de c\u00e2bles sont disponibles \u00e0 la location chez nous ! Caract\u00e9ristiques : 3 canauxCouvercle antid\u00e9rapantDiam\u00e8tre des canaux: 18 mmLongueur: 100 cmLargeur: 29 cmHauteur: 4,8 cmCapacit\u00e9 de charge: 2 tonnes \/ 20 cm\u00b2Poids: 5 kg<\/p>\n","protected":false},"featured_media":3594,"template":"","meta":{"inline_featured_image":false},"product_brand":[],"product_cat":[2155],"product_tag":[],"class_list":{"0":"post-1117","1":"product","2":"type-product","3":"status-publish","4":"has-post-thumbnail","6":"product_cat-securite","8":"first","9":"instock","10":"taxable","11":"shipping-taxable","12":"purchasable","13":"product-type-rentable"},"acf":[],"_links":{"self":[{"href":"https:\/\/indie.rent\/catalogue\/wp-json\/wp\/v2\/product\/1117","targetHints":{"allow":["GET"]}}],"collection":[{"href":"https:\/\/indie.rent\/catalogue\/wp-json\/wp\/v2\/product"}],"about":[{"href":"https:\/\/indie.rent\/catalogue\/wp-json\/wp\/v2\/types\/product"}],"version-history":[{"count":0,"href":"https:\/\/indie.rent\/catalogue\/wp-json\/wp\/v2\/product\/1117\/revisions"}],"wp:featuredmedia":[{"embeddable":true,"href":"https:\/\/indie.rent\/catalogue\/wp-json\/wp\/v2\/media\/3594"}],"wp:attachment":[{"href":"https:\/\/indie.rent\/catalogue\/wp-json\/wp\/v2\/media?parent=1117"}],"wp:term":[{"taxonomy":"product_brand","embeddable":true,"href":"https:\/\/indie.rent\/catalogue\/wp-json\/wp\/v2\/product_brand?post=1117"},{"taxonomy":"product_cat","embeddable":true,"href":"https:\/\/indie.rent\/catalogue\/wp-json\/wp\/v2\/product_cat?post=1117"},{"taxonomy":"product_tag","embeddable":true,"href":"https:\/\/indie.rent\/catalogue\/wp-json\/wp\/v2\/product_tag?post=1117"}],"curies":[{"name":"wp","href":"https:\/\/api.w.org\/{rel}","templated":true}]}}