{"id":1115,"date":"2025-01-10T17:28:29","date_gmt":"2025-01-10T16:28:29","guid":{"rendered":"https:\/\/indie.rent\/catalogue\/produit\/porte-filtre-circulaire-a-charnieres-82mm\/"},"modified":"2026-04-15T10:31:13","modified_gmt":"2026-04-15T08:31:13","slug":"porte-filtre-circulaire-a-charnieres-82mm","status":"publish","type":"product","link":"https:\/\/indie.rent\/catalogue\/produit\/porte-filtre-circulaire-a-charnieres-82mm\/","title":{"rendered":"Porte Filtre Circulaire \u00e0 Charni\u00e8res &#8211; 82mm"},"content":{"rendered":"<p>Plut\u00f4t que de visser votre filtre, pourquoi ne pas simplement le faire basculer devant l\u2019objectif ? Et lorsqu\u2019on n\u2019en a plus besoin, faire l\u2019op\u00e9ration inverse ? C\u2019est exactement ce que permet l\u2019Alter Rapid Filter System, avec son m\u00e9canisme articul\u00e9.<\/p>\n<p>La charni\u00e8re articul\u00e9e peut s\u2019orienter \u00e0 270 degr\u00e9s, ce qui permet de facilement sortir le filtre du champ visuel, et de le faire reposer sur le dessus de l\u2019objectif. Elle peut \u00eatre r\u00e9gl\u00e9e \u00e0 la tension d\u00e9sir\u00e9e, pour \u00eatre plus ou moins l\u00e2che, gr\u00e2ce \u00e0 une petit cl\u00e9 fournie.<\/p>\n<p>Une fois mise en position, la partie mobile se \u201cfixe\u201d \u00e0 votre objectif gr\u00e2ce \u00e0 trois aimants puissants. Il est aussi possible d\u2019y fixer ses capuchons d\u2019objectif.<\/p>\n","protected":false},"excerpt":{"rendered":"<p>Plut\u00f4t que de visser votre filtre, pourquoi ne pas simplement le faire basculer devant l\u2019objectif ? Et lorsqu\u2019on n\u2019en a plus besoin, faire l\u2019op\u00e9ration inverse ? C\u2019est exactement ce que permet l\u2019Alter Rapid Filter System, avec son m\u00e9canisme articul\u00e9. La charni\u00e8re articul\u00e9e peut s\u2019orienter \u00e0 270 degr\u00e9s, ce qui permet de facilement sortir le filtre [&hellip;]<\/p>\n","protected":false},"featured_media":3337,"template":"","meta":{"inline_featured_image":false},"product_brand":[],"product_cat":[1943],"product_tag":[],"class_list":{"0":"post-1115","1":"product","2":"type-product","3":"status-publish","4":"has-post-thumbnail","6":"product_cat-filtres-circulaires","8":"first","9":"instock","10":"taxable","11":"shipping-taxable","12":"purchasable","13":"product-type-rentable"},"acf":[],"_links":{"self":[{"href":"https:\/\/indie.rent\/catalogue\/wp-json\/wp\/v2\/product\/1115","targetHints":{"allow":["GET"]}}],"collection":[{"href":"https:\/\/indie.rent\/catalogue\/wp-json\/wp\/v2\/product"}],"about":[{"href":"https:\/\/indie.rent\/catalogue\/wp-json\/wp\/v2\/types\/product"}],"version-history":[{"count":0,"href":"https:\/\/indie.rent\/catalogue\/wp-json\/wp\/v2\/product\/1115\/revisions"}],"wp:featuredmedia":[{"embeddable":true,"href":"https:\/\/indie.rent\/catalogue\/wp-json\/wp\/v2\/media\/3337"}],"wp:attachment":[{"href":"https:\/\/indie.rent\/catalogue\/wp-json\/wp\/v2\/media?parent=1115"}],"wp:term":[{"taxonomy":"product_brand","embeddable":true,"href":"https:\/\/indie.rent\/catalogue\/wp-json\/wp\/v2\/product_brand?post=1115"},{"taxonomy":"product_cat","embeddable":true,"href":"https:\/\/indie.rent\/catalogue\/wp-json\/wp\/v2\/product_cat?post=1115"},{"taxonomy":"product_tag","embeddable":true,"href":"https:\/\/indie.rent\/catalogue\/wp-json\/wp\/v2\/product_tag?post=1115"}],"curies":[{"name":"wp","href":"https:\/\/api.w.org\/{rel}","templated":true}]}}