{"id":1093,"date":"2025-01-10T17:28:23","date_gmt":"2025-01-10T16:28:23","guid":{"rendered":"https:\/\/indie.rent\/catalogue\/produit\/canon-a-chaleur-electrique\/"},"modified":"2026-04-16T17:19:52","modified_gmt":"2026-04-16T15:19:52","slug":"canon-a-chaleur-electrique","status":"publish","type":"product","link":"https:\/\/indie.rent\/catalogue\/produit\/canon-a-chaleur-electrique\/","title":{"rendered":"Canon \u00e0 Chaleur \u00c9lectrique"},"content":{"rendered":"<p>Des canons \u00e0 chaleur \u00e9lectrique sont disponibles \u00e0 la location chez Indie. <\/p>\n<p>Caract\u00e9ristiques : <br \/>Puissance : 3000W<br \/>R\u00e9sistance \u00e9lectrique et ventilateur<br \/>Capacit\u00e9 de chauffe : 30m2<br \/>Volume de chauffe : 350m3\/h<br \/>Thermostat r\u00e9glable<br \/>Fonction ventilateur<br \/>Protection contre surchauffe thermostatique<\/p>\n","protected":false},"excerpt":{"rendered":"<p>Des canons \u00e0 chaleur \u00e9lectrique sont disponibles \u00e0 la location chez Indie. Caract\u00e9ristiques : Puissance : 3000WR\u00e9sistance \u00e9lectrique et ventilateurCapacit\u00e9 de chauffe : 30m2Volume de chauffe : 350m3\/hThermostat r\u00e9glableFonction ventilateurProtection contre surchauffe thermostatique<\/p>\n","protected":false},"featured_media":2130,"template":"","meta":{"inline_featured_image":false},"product_brand":[],"product_cat":[2138],"product_tag":[],"class_list":{"0":"post-1093","1":"product","2":"type-product","3":"status-publish","4":"has-post-thumbnail","6":"product_cat-chauffage-electrique","8":"first","9":"instock","10":"taxable","11":"shipping-taxable","12":"purchasable","13":"product-type-rentable"},"acf":[],"_links":{"self":[{"href":"https:\/\/indie.rent\/catalogue\/wp-json\/wp\/v2\/product\/1093","targetHints":{"allow":["GET"]}}],"collection":[{"href":"https:\/\/indie.rent\/catalogue\/wp-json\/wp\/v2\/product"}],"about":[{"href":"https:\/\/indie.rent\/catalogue\/wp-json\/wp\/v2\/types\/product"}],"version-history":[{"count":0,"href":"https:\/\/indie.rent\/catalogue\/wp-json\/wp\/v2\/product\/1093\/revisions"}],"wp:featuredmedia":[{"embeddable":true,"href":"https:\/\/indie.rent\/catalogue\/wp-json\/wp\/v2\/media\/2130"}],"wp:attachment":[{"href":"https:\/\/indie.rent\/catalogue\/wp-json\/wp\/v2\/media?parent=1093"}],"wp:term":[{"taxonomy":"product_brand","embeddable":true,"href":"https:\/\/indie.rent\/catalogue\/wp-json\/wp\/v2\/product_brand?post=1093"},{"taxonomy":"product_cat","embeddable":true,"href":"https:\/\/indie.rent\/catalogue\/wp-json\/wp\/v2\/product_cat?post=1093"},{"taxonomy":"product_tag","embeddable":true,"href":"https:\/\/indie.rent\/catalogue\/wp-json\/wp\/v2\/product_tag?post=1093"}],"curies":[{"name":"wp","href":"https:\/\/api.w.org\/{rel}","templated":true}]}}