{"id":1090,"date":"2025-01-10T17:28:22","date_gmt":"2025-01-10T16:28:22","guid":{"rendered":"https:\/\/indie.rent\/catalogue\/produit\/chauffage-electrique-petit-modele\/"},"modified":"2026-04-05T00:14:18","modified_gmt":"2026-04-04T22:14:18","slug":"chauffage-electrique-petit-modele","status":"publish","type":"product","link":"https:\/\/indie.rent\/catalogue\/produit\/chauffage-electrique-petit-modele\/","title":{"rendered":"Chauffage \u00e9lectrique Petit mod\u00e8le"},"content":{"rendered":"<p>Des chauffages \u00e9lectriques petits mod\u00e8les sont disponibles \u00e0 la location chez Indie. <\/p>\n<p>Caract\u00e9ristiques : <br \/>Puissance de chauffe : 2000 watts<br \/>Ventilation froide possible<br \/>Coupure automatique en cas de basculement<br \/>S\u00e9curit\u00e9 anti surchauffe<\/p>\n","protected":false},"excerpt":{"rendered":"<p>Des chauffages \u00e9lectriques petits mod\u00e8les sont disponibles \u00e0 la location chez Indie. Caract\u00e9ristiques : Puissance de chauffe : 2000 wattsVentilation froide possibleCoupure automatique en cas de basculementS\u00e9curit\u00e9 anti surchauffe<\/p>\n","protected":false},"featured_media":2055,"template":"","meta":{"inline_featured_image":false},"product_brand":[],"product_cat":[2138],"product_tag":[],"class_list":{"0":"post-1090","1":"product","2":"type-product","3":"status-publish","4":"has-post-thumbnail","6":"product_cat-chauffage-electrique","8":"first","9":"instock","10":"taxable","11":"shipping-taxable","12":"purchasable","13":"product-type-rentable"},"acf":[],"_links":{"self":[{"href":"https:\/\/indie.rent\/catalogue\/wp-json\/wp\/v2\/product\/1090","targetHints":{"allow":["GET"]}}],"collection":[{"href":"https:\/\/indie.rent\/catalogue\/wp-json\/wp\/v2\/product"}],"about":[{"href":"https:\/\/indie.rent\/catalogue\/wp-json\/wp\/v2\/types\/product"}],"version-history":[{"count":0,"href":"https:\/\/indie.rent\/catalogue\/wp-json\/wp\/v2\/product\/1090\/revisions"}],"wp:featuredmedia":[{"embeddable":true,"href":"https:\/\/indie.rent\/catalogue\/wp-json\/wp\/v2\/media\/2055"}],"wp:attachment":[{"href":"https:\/\/indie.rent\/catalogue\/wp-json\/wp\/v2\/media?parent=1090"}],"wp:term":[{"taxonomy":"product_brand","embeddable":true,"href":"https:\/\/indie.rent\/catalogue\/wp-json\/wp\/v2\/product_brand?post=1090"},{"taxonomy":"product_cat","embeddable":true,"href":"https:\/\/indie.rent\/catalogue\/wp-json\/wp\/v2\/product_cat?post=1090"},{"taxonomy":"product_tag","embeddable":true,"href":"https:\/\/indie.rent\/catalogue\/wp-json\/wp\/v2\/product_tag?post=1090"}],"curies":[{"name":"wp","href":"https:\/\/api.w.org\/{rel}","templated":true}]}}