{"id":1089,"date":"2025-01-10T17:28:21","date_gmt":"2025-01-10T16:28:21","guid":{"rendered":"https:\/\/indie.rent\/catalogue\/produit\/glaciere-rigide-35l-l\/"},"modified":"2026-04-13T18:26:50","modified_gmt":"2026-04-13T16:26:50","slug":"glaciere-rigide-35l-l","status":"publish","type":"product","link":"https:\/\/indie.rent\/catalogue\/produit\/glaciere-rigide-35l-l\/","title":{"rendered":"Glaci\u00e8re Rigide 35L &#8211; L"},"content":{"rendered":"<p>Profitez de votre boisson d&#8217;une table r\u00e9gie bien fra\u00eeche en \u00e9t\u00e9 gr\u00e2ce \u00e0 cette glaci\u00e8re ! Elle peut conserve la glace pendant des jours gr\u00e2ce \u00e0 sa construction rigide hautement isolante. Parfaite en pleine saison estival !<\/p>\n<p>Caract\u00e9ristiques :<br \/>Volume : 36 l<br \/>Taille (L x P x H) : 69,1cm x 41,4cm x 38,9cm<br \/>Poids : 11,7Kg<\/p>\n","protected":false},"excerpt":{"rendered":"<p>Profitez de votre boisson d&#8217;une table r\u00e9gie bien fra\u00eeche en \u00e9t\u00e9 gr\u00e2ce \u00e0 cette glaci\u00e8re ! Elle peut conserve la glace pendant des jours gr\u00e2ce \u00e0 sa construction rigide hautement isolante. Parfaite en pleine saison estival ! Caract\u00e9ristiques :Volume : 36 lTaille (L x P x H) : 69,1cm x 41,4cm x 38,9cmPoids : 11,7Kg<\/p>\n","protected":false},"featured_media":3534,"template":"","meta":{"inline_featured_image":false},"product_brand":[],"product_cat":[2147],"product_tag":[],"class_list":{"0":"post-1089","1":"product","2":"type-product","3":"status-publish","4":"has-post-thumbnail","6":"product_cat-conservation","8":"first","9":"instock","10":"taxable","11":"shipping-taxable","12":"purchasable","13":"product-type-rentable"},"acf":[],"_links":{"self":[{"href":"https:\/\/indie.rent\/catalogue\/wp-json\/wp\/v2\/product\/1089","targetHints":{"allow":["GET"]}}],"collection":[{"href":"https:\/\/indie.rent\/catalogue\/wp-json\/wp\/v2\/product"}],"about":[{"href":"https:\/\/indie.rent\/catalogue\/wp-json\/wp\/v2\/types\/product"}],"version-history":[{"count":0,"href":"https:\/\/indie.rent\/catalogue\/wp-json\/wp\/v2\/product\/1089\/revisions"}],"wp:featuredmedia":[{"embeddable":true,"href":"https:\/\/indie.rent\/catalogue\/wp-json\/wp\/v2\/media\/3534"}],"wp:attachment":[{"href":"https:\/\/indie.rent\/catalogue\/wp-json\/wp\/v2\/media?parent=1089"}],"wp:term":[{"taxonomy":"product_brand","embeddable":true,"href":"https:\/\/indie.rent\/catalogue\/wp-json\/wp\/v2\/product_brand?post=1089"},{"taxonomy":"product_cat","embeddable":true,"href":"https:\/\/indie.rent\/catalogue\/wp-json\/wp\/v2\/product_cat?post=1089"},{"taxonomy":"product_tag","embeddable":true,"href":"https:\/\/indie.rent\/catalogue\/wp-json\/wp\/v2\/product_tag?post=1089"}],"curies":[{"name":"wp","href":"https:\/\/api.w.org\/{rel}","templated":true}]}}