{"id":1083,"date":"2025-01-10T17:28:19","date_gmt":"2025-01-10T16:28:19","guid":{"rendered":"https:\/\/indie.rent\/catalogue\/produit\/diable-pliable-amg-750\/"},"modified":"2026-04-16T17:10:17","modified_gmt":"2026-04-16T15:10:17","slug":"diable-pliable-amg-750","status":"publish","type":"product","link":"https:\/\/indie.rent\/catalogue\/produit\/diable-pliable-amg-750\/","title":{"rendered":"Diable pliable AMG 750"},"content":{"rendered":"<p>Charge max sur 6 roues : 340 kg De 4 \u00e0 6 roues<\/p>\n<p>L : 132 cm,<br \/>H : 32,5 cm,<br \/>l : 18,9 cm. <\/p>\n<p>Pli\u00e9 L : 66 cm. <\/p>\n<p>         Voir cette publication sur Instagram            Une publication partag\u00e9e par Indie Loc (@indie_la_location) le 6 D\u00e9c. 2017 \u00e0 4 :58 PST<\/p>\n","protected":false},"excerpt":{"rendered":"<p>Charge max sur 6 roues : 340 kg De 4 \u00e0 6 roues L : 132 cm,H : 32,5 cm,l : 18,9 cm. Pli\u00e9 L : 66 cm. Voir cette publication sur Instagram Une publication partag\u00e9e par Indie Loc (@indie_la_location) le 6 D\u00e9c. 2017 \u00e0 4 :58 PST<\/p>\n","protected":false},"featured_media":1929,"template":"","meta":{"inline_featured_image":false},"product_brand":[],"product_cat":[2130],"product_tag":[],"class_list":{"0":"post-1083","1":"product","2":"type-product","3":"status-publish","4":"has-post-thumbnail","6":"product_cat-diable","8":"first","9":"instock","10":"taxable","11":"shipping-taxable","12":"purchasable","13":"product-type-rentable"},"acf":[],"_links":{"self":[{"href":"https:\/\/indie.rent\/catalogue\/wp-json\/wp\/v2\/product\/1083","targetHints":{"allow":["GET"]}}],"collection":[{"href":"https:\/\/indie.rent\/catalogue\/wp-json\/wp\/v2\/product"}],"about":[{"href":"https:\/\/indie.rent\/catalogue\/wp-json\/wp\/v2\/types\/product"}],"version-history":[{"count":0,"href":"https:\/\/indie.rent\/catalogue\/wp-json\/wp\/v2\/product\/1083\/revisions"}],"wp:featuredmedia":[{"embeddable":true,"href":"https:\/\/indie.rent\/catalogue\/wp-json\/wp\/v2\/media\/1929"}],"wp:attachment":[{"href":"https:\/\/indie.rent\/catalogue\/wp-json\/wp\/v2\/media?parent=1083"}],"wp:term":[{"taxonomy":"product_brand","embeddable":true,"href":"https:\/\/indie.rent\/catalogue\/wp-json\/wp\/v2\/product_brand?post=1083"},{"taxonomy":"product_cat","embeddable":true,"href":"https:\/\/indie.rent\/catalogue\/wp-json\/wp\/v2\/product_cat?post=1083"},{"taxonomy":"product_tag","embeddable":true,"href":"https:\/\/indie.rent\/catalogue\/wp-json\/wp\/v2\/product_tag?post=1083"}],"curies":[{"name":"wp","href":"https:\/\/api.w.org\/{rel}","templated":true}]}}