{"id":1077,"date":"2025-01-10T17:28:15","date_gmt":"2025-01-10T16:28:15","guid":{"rendered":"https:\/\/indie.rent\/catalogue\/produit\/projecteur-de-chantier-led-rechargeable-erbauer-lewo-2400-3000-et-ou-4000-lumens-30w\/"},"modified":"2026-04-30T16:41:26","modified_gmt":"2026-04-30T14:41:26","slug":"projecteur-de-chantier-led-rechargeable-erbauer-lewo-2400-3000-et-ou-4000-lumens-30w","status":"publish","type":"product","link":"https:\/\/indie.rent\/catalogue\/produit\/projecteur-de-chantier-led-rechargeable-erbauer-lewo-2400-3000-et-ou-4000-lumens-30w\/","title":{"rendered":"Projecteur de chantier LED rechargeable Erbauer Lewo 2400\/3000 et\/ou 4000 lumens, 30W"},"content":{"rendered":"<p>Projecteur de chantier LED rechargeable Erbauer Lewo 30W disponible en 2400 Lumens, 3000 Lumens et 4000 Lumens<\/p>\n<p>De forme ergonomique, l\u00e9ger et permettant \u00e0 son utilisateur de l&#8217;orient\u00e9 selon ses souhaits, ce projecteur de chantier rechargeable constitue un \u00e9clairage suppl\u00e9mentaire id\u00e9al pour les espaces de travail, aussi bien \u00e0 l&#8217;ext\u00e9rieur qu&#8217;\u00e0 l&#8217;int\u00e9rieur. Il est portable et ne d\u00e9pend pas d&#8217;un c\u00e2ble, ce qui permet plus de facilit\u00e9 et de confort. <\/p>\n<p>2 fonctions d&#8217;\u00e9clairage disponibles selon vos besoins : 50 % ou 100 %. La dur\u00e9e de vie de la batterie en mode 50 % est de 6 heures et de 3 heures en mode 100 %.<br \/>Sa rotation de 300\u00b0 et ses 11 encoches d&#8217;orientation permettent de verrouiller la position choisie et de diriger l&#8217;\u00e9clairage l\u00e0 o\u00f9 vous le souhaitez.<br \/>Affiche l&#8217;autonomie restante de la batterie. Lorsqu&#8217;il est branch\u00e9, l&#8217;indicateur de charge LED indique le niveau de charge de la batterie et clignote jusqu&#8217;\u00e0 ce qu&#8217;elle soit compl\u00e8tement charg\u00e9e.<br \/>Avec ses 2 crochets pliables et ses 2 trous pour fixation murale, ce produit offre une vari\u00e9t\u00e9 de solutions pour am\u00e9liorer et faciliter les conditions de travail.<br \/>Facile \u00e0 transporter gr\u00e2ce \u00e0 sa grande poign\u00e9e.<\/p>\n<p>Caract\u00e9ristiques :<br \/>IP54 : Pour une utilisation en int\u00e9rieur et en ext\u00e9rieur<br \/>Dimensions (H x P x L) en cm : 17,2 cm x 13,4 cm x 23,6 cm<br \/>Classe de protection : Classe III<br \/>T\u00eate r\u00e9glable<br \/>R\u00e9siste aux chutes et aux chocs<br \/>Autonomie : 6 heures (50%) \/ 3h (100%)<br \/>Dur\u00e9e de chargement : 5 heures min.<\/p>\n","protected":false},"excerpt":{"rendered":"<p>Projecteur de chantier LED rechargeable Erbauer Lewo 30W disponible en 2400 Lumens, 3000 Lumens et 4000 Lumens De forme ergonomique, l\u00e9ger et permettant \u00e0 son utilisateur de l&#8217;orient\u00e9 selon ses souhaits, ce projecteur de chantier rechargeable constitue un \u00e9clairage suppl\u00e9mentaire id\u00e9al pour les espaces de travail, aussi bien \u00e0 l&#8217;ext\u00e9rieur qu&#8217;\u00e0 l&#8217;int\u00e9rieur. Il est portable [&hellip;]<\/p>\n","protected":false},"featured_media":4472,"template":"","meta":{"inline_featured_image":false},"product_brand":[],"product_cat":[2190],"product_tag":[],"class_list":{"0":"post-1077","1":"product","2":"type-product","3":"status-publish","4":"has-post-thumbnail","6":"product_cat-post-production","8":"first","9":"instock","10":"taxable","11":"shipping-taxable","12":"purchasable","13":"product-type-rentable"},"acf":[],"_links":{"self":[{"href":"https:\/\/indie.rent\/catalogue\/wp-json\/wp\/v2\/product\/1077","targetHints":{"allow":["GET"]}}],"collection":[{"href":"https:\/\/indie.rent\/catalogue\/wp-json\/wp\/v2\/product"}],"about":[{"href":"https:\/\/indie.rent\/catalogue\/wp-json\/wp\/v2\/types\/product"}],"version-history":[{"count":0,"href":"https:\/\/indie.rent\/catalogue\/wp-json\/wp\/v2\/product\/1077\/revisions"}],"wp:featuredmedia":[{"embeddable":true,"href":"https:\/\/indie.rent\/catalogue\/wp-json\/wp\/v2\/media\/4472"}],"wp:attachment":[{"href":"https:\/\/indie.rent\/catalogue\/wp-json\/wp\/v2\/media?parent=1077"}],"wp:term":[{"taxonomy":"product_brand","embeddable":true,"href":"https:\/\/indie.rent\/catalogue\/wp-json\/wp\/v2\/product_brand?post=1077"},{"taxonomy":"product_cat","embeddable":true,"href":"https:\/\/indie.rent\/catalogue\/wp-json\/wp\/v2\/product_cat?post=1077"},{"taxonomy":"product_tag","embeddable":true,"href":"https:\/\/indie.rent\/catalogue\/wp-json\/wp\/v2\/product_tag?post=1077"}],"curies":[{"name":"wp","href":"https:\/\/api.w.org\/{rel}","templated":true}]}}