{"id":1070,"date":"2025-01-10T17:28:12","date_gmt":"2025-01-10T16:28:12","guid":{"rendered":"https:\/\/indie.rent\/catalogue\/produit\/pulverisateur-vermorel\/"},"modified":"2026-04-16T18:02:20","modified_gmt":"2026-04-16T16:02:20","slug":"pulverisateur-vermorel","status":"publish","type":"product","link":"https:\/\/indie.rent\/catalogue\/produit\/pulverisateur-vermorel\/","title":{"rendered":"Pulv\u00e9risateur Vermorel"},"content":{"rendered":"<p>Un pulv\u00e9risateur vermorel est disponible \u00e0 la location chez Indie ! <\/p>\n<p>Description : <br \/>Capacit\u00e9 : 5L<\/p>\n<p>Le pulv\u00e9risateur \u00e0 pression est robuste et vous \u00e9vite de vous pencher et de vous fatiguer au cours de son utilisation. La quantit\u00e9 pulv\u00e9ris\u00e9e peut \u00eatre dos\u00e9e de mani\u00e8re homog\u00e8ne et avec pr\u00e9cision gr\u00e2ce \u00e0 la poign\u00e9e coulissante. La t\u00eate du pulv\u00e9risateur r\u00e9glable permet de choisir l&#8217;effet recherch\u00e9, d&#8217;un jet cibl\u00e9 \u00e0 une brume fine . Lorsque vous l&#8217;utilisez, vous pouvez porter le r\u00e9servoir du pulv\u00e9risateur confortablement gr\u00e2ce aux bretelles.  Ce pulv\u00e9risateur \u00e0 pression est un outil pratique pour l&#8217;int\u00e9rieur et l&#8217;ext\u00e9rieur.<\/p>\n","protected":false},"excerpt":{"rendered":"<p>Un pulv\u00e9risateur vermorel est disponible \u00e0 la location chez Indie ! Description : Capacit\u00e9 : 5L Le pulv\u00e9risateur \u00e0 pression est robuste et vous \u00e9vite de vous pencher et de vous fatiguer au cours de son utilisation. La quantit\u00e9 pulv\u00e9ris\u00e9e peut \u00eatre dos\u00e9e de mani\u00e8re homog\u00e8ne et avec pr\u00e9cision gr\u00e2ce \u00e0 la poign\u00e9e coulissante. La [&hellip;]<\/p>\n","protected":false},"featured_media":3621,"template":"","meta":{"inline_featured_image":false},"product_brand":[],"product_cat":[2166],"product_tag":[],"class_list":{"0":"post-1070","1":"product","2":"type-product","3":"status-publish","4":"has-post-thumbnail","6":"product_cat-menage","8":"first","9":"instock","10":"taxable","11":"shipping-taxable","12":"purchasable","13":"product-type-rentable"},"acf":[],"_links":{"self":[{"href":"https:\/\/indie.rent\/catalogue\/wp-json\/wp\/v2\/product\/1070","targetHints":{"allow":["GET"]}}],"collection":[{"href":"https:\/\/indie.rent\/catalogue\/wp-json\/wp\/v2\/product"}],"about":[{"href":"https:\/\/indie.rent\/catalogue\/wp-json\/wp\/v2\/types\/product"}],"version-history":[{"count":0,"href":"https:\/\/indie.rent\/catalogue\/wp-json\/wp\/v2\/product\/1070\/revisions"}],"wp:featuredmedia":[{"embeddable":true,"href":"https:\/\/indie.rent\/catalogue\/wp-json\/wp\/v2\/media\/3621"}],"wp:attachment":[{"href":"https:\/\/indie.rent\/catalogue\/wp-json\/wp\/v2\/media?parent=1070"}],"wp:term":[{"taxonomy":"product_brand","embeddable":true,"href":"https:\/\/indie.rent\/catalogue\/wp-json\/wp\/v2\/product_brand?post=1070"},{"taxonomy":"product_cat","embeddable":true,"href":"https:\/\/indie.rent\/catalogue\/wp-json\/wp\/v2\/product_cat?post=1070"},{"taxonomy":"product_tag","embeddable":true,"href":"https:\/\/indie.rent\/catalogue\/wp-json\/wp\/v2\/product_tag?post=1070"}],"curies":[{"name":"wp","href":"https:\/\/api.w.org\/{rel}","templated":true}]}}