{"id":1068,"date":"2025-01-10T17:28:10","date_gmt":"2025-01-10T16:28:10","guid":{"rendered":"https:\/\/indie.rent\/catalogue\/produit\/plaques-de-desensablage\/"},"modified":"2026-04-16T17:38:09","modified_gmt":"2026-04-16T15:38:09","slug":"paires-de-plaques-de-desemsablage","status":"publish","type":"product","link":"https:\/\/indie.rent\/catalogue\/produit\/paires-de-plaques-de-desemsablage\/","title":{"rendered":"Paires de Plaques de D\u00e9semsablage"},"content":{"rendered":"<p>Des plaques de d\u00e9sensablage sont disponibles \u00e0 la location chez nous !<\/p>\n<p>Caract\u00e9ristiques : <br \/>Jeu de 2 Plaques de D\u00e9sensablages Grip System, 740&#215;225 mm<\/p>\n","protected":false},"excerpt":{"rendered":"<p>Des plaques de d\u00e9sensablage sont disponibles \u00e0 la location chez nous ! Caract\u00e9ristiques : Jeu de 2 Plaques de D\u00e9sensablages Grip System, 740&#215;225 mm<\/p>\n","protected":false},"featured_media":3590,"template":"","meta":{"inline_featured_image":false},"product_brand":[],"product_cat":[2152],"product_tag":[],"class_list":{"0":"post-1068","1":"product","2":"type-product","3":"status-publish","4":"has-post-thumbnail","6":"product_cat-signaletique","8":"first","9":"instock","10":"taxable","11":"shipping-taxable","12":"purchasable","13":"product-type-rentable"},"acf":[],"_links":{"self":[{"href":"https:\/\/indie.rent\/catalogue\/wp-json\/wp\/v2\/product\/1068","targetHints":{"allow":["GET"]}}],"collection":[{"href":"https:\/\/indie.rent\/catalogue\/wp-json\/wp\/v2\/product"}],"about":[{"href":"https:\/\/indie.rent\/catalogue\/wp-json\/wp\/v2\/types\/product"}],"version-history":[{"count":0,"href":"https:\/\/indie.rent\/catalogue\/wp-json\/wp\/v2\/product\/1068\/revisions"}],"wp:featuredmedia":[{"embeddable":true,"href":"https:\/\/indie.rent\/catalogue\/wp-json\/wp\/v2\/media\/3590"}],"wp:attachment":[{"href":"https:\/\/indie.rent\/catalogue\/wp-json\/wp\/v2\/media?parent=1068"}],"wp:term":[{"taxonomy":"product_brand","embeddable":true,"href":"https:\/\/indie.rent\/catalogue\/wp-json\/wp\/v2\/product_brand?post=1068"},{"taxonomy":"product_cat","embeddable":true,"href":"https:\/\/indie.rent\/catalogue\/wp-json\/wp\/v2\/product_cat?post=1068"},{"taxonomy":"product_tag","embeddable":true,"href":"https:\/\/indie.rent\/catalogue\/wp-json\/wp\/v2\/product_tag?post=1068"}],"curies":[{"name":"wp","href":"https:\/\/api.w.org\/{rel}","templated":true}]}}