{"id":1054,"date":"2025-01-10T17:27:57","date_gmt":"2025-01-10T16:27:57","guid":{"rendered":"https:\/\/indie.rent\/catalogue\/produit\/talkie-walkie-a-lunite-tc446s-pro-uhf\/"},"modified":"2026-04-16T17:10:24","modified_gmt":"2026-04-16T15:10:24","slug":"talkie-walkie-a-lunite-tc446s-pro-uhf","status":"publish","type":"product","link":"https:\/\/indie.rent\/catalogue\/produit\/talkie-walkie-a-lunite-tc446s-pro-uhf\/","title":{"rendered":"Talkie Walkie \u00e0 l&#8217;Unit\u00e9 &#8211; TC446S PRO UHF"},"content":{"rendered":"<p>Ce talkie poss\u00e8de 16 canaux et a une port\u00e9e de maximum 10km en terrain d\u00e9gag\u00e9.<br \/>Peut \u00eatre coupl\u00e9 avec les talkies du m\u00eame mod\u00e8le.<br \/>En fonction de la disponibilit\u00e9, possibilit\u00e9 de louer jusqu\u2019\u00e0 14 talkies.<\/p>\n<p>Fourni dans une pochette individuelle contenant un bloc de charge, un c\u00e2ble de chargeur ainsi qu\u2019une petite pochette permettant de ranger l\u2019oreillette et la batterie de spare. Pratique, \u00e0 fournir individuellement \u00e0 chaque technicien. Permet un stockage simple et facilement identifiable. <\/p>\n<p>Talkie Walkie sans licence (PMR446)<br \/>Norme IP55<\/p>\n","protected":false},"excerpt":{"rendered":"<p>Ce talkie poss\u00e8de 16 canaux et a une port\u00e9e de maximum 10km en terrain d\u00e9gag\u00e9.Peut \u00eatre coupl\u00e9 avec les talkies du m\u00eame mod\u00e8le.En fonction de la disponibilit\u00e9, possibilit\u00e9 de louer jusqu\u2019\u00e0 14 talkies. Fourni dans une pochette individuelle contenant un bloc de charge, un c\u00e2ble de chargeur ainsi qu\u2019une petite pochette permettant de ranger l\u2019oreillette [&hellip;]<\/p>\n","protected":false},"featured_media":3517,"template":"","meta":{"inline_featured_image":false},"product_brand":[],"product_cat":[2125],"product_tag":[],"class_list":{"0":"post-1054","1":"product","2":"type-product","3":"status-publish","4":"has-post-thumbnail","6":"product_cat-talkies_walkies","8":"first","9":"instock","10":"taxable","11":"shipping-taxable","12":"purchasable","13":"product-type-rentable"},"acf":[],"_links":{"self":[{"href":"https:\/\/indie.rent\/catalogue\/wp-json\/wp\/v2\/product\/1054","targetHints":{"allow":["GET"]}}],"collection":[{"href":"https:\/\/indie.rent\/catalogue\/wp-json\/wp\/v2\/product"}],"about":[{"href":"https:\/\/indie.rent\/catalogue\/wp-json\/wp\/v2\/types\/product"}],"version-history":[{"count":0,"href":"https:\/\/indie.rent\/catalogue\/wp-json\/wp\/v2\/product\/1054\/revisions"}],"wp:featuredmedia":[{"embeddable":true,"href":"https:\/\/indie.rent\/catalogue\/wp-json\/wp\/v2\/media\/3517"}],"wp:attachment":[{"href":"https:\/\/indie.rent\/catalogue\/wp-json\/wp\/v2\/media?parent=1054"}],"wp:term":[{"taxonomy":"product_brand","embeddable":true,"href":"https:\/\/indie.rent\/catalogue\/wp-json\/wp\/v2\/product_brand?post=1054"},{"taxonomy":"product_cat","embeddable":true,"href":"https:\/\/indie.rent\/catalogue\/wp-json\/wp\/v2\/product_cat?post=1054"},{"taxonomy":"product_tag","embeddable":true,"href":"https:\/\/indie.rent\/catalogue\/wp-json\/wp\/v2\/product_tag?post=1054"}],"curies":[{"name":"wp","href":"https:\/\/api.w.org\/{rel}","templated":true}]}}