{"id":1046,"date":"2025-01-10T17:27:53","date_gmt":"2025-01-10T16:27:53","guid":{"rendered":"https:\/\/indie.rent\/catalogue\/produit\/glaciere-rigide-de-24l\/"},"modified":"2026-04-13T18:55:52","modified_gmt":"2026-04-13T16:55:52","slug":"glaciere-rigide-de-24l-decathlon","status":"publish","type":"product","link":"https:\/\/indie.rent\/catalogue\/produit\/glaciere-rigide-de-24l-decathlon\/","title":{"rendered":"Glaci\u00e8re Rigide de 24L Decathlon"},"content":{"rendered":"<p>Des glaci\u00e8res de 24L sont disponibles \u00e0 la location chez nous !<\/p>\n","protected":false},"excerpt":{"rendered":"<p>Des glaci\u00e8res de 24L sont disponibles \u00e0 la location chez nous !<\/p>\n","protected":false},"featured_media":2648,"template":"","meta":{"inline_featured_image":false},"product_brand":[],"product_cat":[2147],"product_tag":[],"class_list":{"0":"post-1046","1":"product","2":"type-product","3":"status-publish","4":"has-post-thumbnail","6":"product_cat-conservation","8":"first","9":"instock","10":"taxable","11":"shipping-taxable","12":"purchasable","13":"product-type-rentable"},"acf":[],"_links":{"self":[{"href":"https:\/\/indie.rent\/catalogue\/wp-json\/wp\/v2\/product\/1046","targetHints":{"allow":["GET"]}}],"collection":[{"href":"https:\/\/indie.rent\/catalogue\/wp-json\/wp\/v2\/product"}],"about":[{"href":"https:\/\/indie.rent\/catalogue\/wp-json\/wp\/v2\/types\/product"}],"version-history":[{"count":0,"href":"https:\/\/indie.rent\/catalogue\/wp-json\/wp\/v2\/product\/1046\/revisions"}],"wp:featuredmedia":[{"embeddable":true,"href":"https:\/\/indie.rent\/catalogue\/wp-json\/wp\/v2\/media\/2648"}],"wp:attachment":[{"href":"https:\/\/indie.rent\/catalogue\/wp-json\/wp\/v2\/media?parent=1046"}],"wp:term":[{"taxonomy":"product_brand","embeddable":true,"href":"https:\/\/indie.rent\/catalogue\/wp-json\/wp\/v2\/product_brand?post=1046"},{"taxonomy":"product_cat","embeddable":true,"href":"https:\/\/indie.rent\/catalogue\/wp-json\/wp\/v2\/product_cat?post=1046"},{"taxonomy":"product_tag","embeddable":true,"href":"https:\/\/indie.rent\/catalogue\/wp-json\/wp\/v2\/product_tag?post=1046"}],"curies":[{"name":"wp","href":"https:\/\/api.w.org\/{rel}","templated":true}]}}