{"id":1043,"date":"2025-01-10T17:27:51","date_gmt":"2025-01-10T16:27:51","guid":{"rendered":"https:\/\/indie.rent\/catalogue\/produit\/pelle-a-neige\/"},"modified":"2026-04-16T18:06:48","modified_gmt":"2026-04-16T16:06:48","slug":"pelle-a-neige","status":"publish","type":"product","link":"https:\/\/indie.rent\/catalogue\/produit\/pelle-a-neige\/","title":{"rendered":"Pelle \u00e0 neige"},"content":{"rendered":"<p>Des pelles \u00e0 neige sont disponibles \u00e0 location chez iNDIE !<\/p>\n","protected":false},"excerpt":{"rendered":"<p>Des pelles \u00e0 neige sont disponibles \u00e0 location chez iNDIE !<\/p>\n","protected":false},"featured_media":2530,"template":"","meta":{"inline_featured_image":false},"product_brand":[],"product_cat":[2133],"product_tag":[],"class_list":{"0":"post-1043","1":"product","2":"type-product","3":"status-publish","4":"has-post-thumbnail","6":"product_cat-divers-manutention","8":"first","9":"instock","10":"taxable","11":"shipping-taxable","12":"purchasable","13":"product-type-rentable"},"acf":[],"_links":{"self":[{"href":"https:\/\/indie.rent\/catalogue\/wp-json\/wp\/v2\/product\/1043","targetHints":{"allow":["GET"]}}],"collection":[{"href":"https:\/\/indie.rent\/catalogue\/wp-json\/wp\/v2\/product"}],"about":[{"href":"https:\/\/indie.rent\/catalogue\/wp-json\/wp\/v2\/types\/product"}],"version-history":[{"count":0,"href":"https:\/\/indie.rent\/catalogue\/wp-json\/wp\/v2\/product\/1043\/revisions"}],"wp:featuredmedia":[{"embeddable":true,"href":"https:\/\/indie.rent\/catalogue\/wp-json\/wp\/v2\/media\/2530"}],"wp:attachment":[{"href":"https:\/\/indie.rent\/catalogue\/wp-json\/wp\/v2\/media?parent=1043"}],"wp:term":[{"taxonomy":"product_brand","embeddable":true,"href":"https:\/\/indie.rent\/catalogue\/wp-json\/wp\/v2\/product_brand?post=1043"},{"taxonomy":"product_cat","embeddable":true,"href":"https:\/\/indie.rent\/catalogue\/wp-json\/wp\/v2\/product_cat?post=1043"},{"taxonomy":"product_tag","embeddable":true,"href":"https:\/\/indie.rent\/catalogue\/wp-json\/wp\/v2\/product_tag?post=1043"}],"curies":[{"name":"wp","href":"https:\/\/api.w.org\/{rel}","templated":true}]}}