{"id":1042,"date":"2025-01-10T17:27:50","date_gmt":"2025-01-10T16:27:50","guid":{"rendered":"https:\/\/indie.rent\/catalogue\/produit\/glaciere-dometic-rigide-jaune-de-19l-m\/"},"modified":"2026-04-16T18:36:25","modified_gmt":"2026-04-16T16:36:25","slug":"glaciere-dometic-rigide-dometic-jaune-de-19l-m","status":"publish","type":"product","link":"https:\/\/indie.rent\/catalogue\/produit\/glaciere-dometic-rigide-dometic-jaune-de-19l-m\/","title":{"rendered":"Glaci\u00e8re Dometic Rigide Dometic Jaune de 19L &#8211; M"},"content":{"rendered":"<p>Ce bac \u00e0 glace tr\u00e8s efficace et extr\u00eamement l\u00e9ger conserve la glace congel\u00e9e pendant plusieurs jours. Il est compos\u00e9 d&#8217;une \u00e9paisse isolation en mousse et est \u00e9quip\u00e9 d&#8217;un joint \u00e0 labyrinthe. <br \/>Disponible \u00e0 la location chez nous ! <br \/>Id\u00e9al pour vos tournages estivaux !<\/p>\n","protected":false},"excerpt":{"rendered":"<p>Ce bac \u00e0 glace tr\u00e8s efficace et extr\u00eamement l\u00e9ger conserve la glace congel\u00e9e pendant plusieurs jours. Il est compos\u00e9 d&#8217;une \u00e9paisse isolation en mousse et est \u00e9quip\u00e9 d&#8217;un joint \u00e0 labyrinthe. Disponible \u00e0 la location chez nous ! Id\u00e9al pour vos tournages estivaux !<\/p>\n","protected":false},"featured_media":2519,"template":"","meta":{"inline_featured_image":false},"product_brand":[],"product_cat":[2147],"product_tag":[],"class_list":{"0":"post-1042","1":"product","2":"type-product","3":"status-publish","4":"has-post-thumbnail","6":"product_cat-conservation","8":"first","9":"instock","10":"taxable","11":"shipping-taxable","12":"purchasable","13":"product-type-rentable"},"acf":[],"_links":{"self":[{"href":"https:\/\/indie.rent\/catalogue\/wp-json\/wp\/v2\/product\/1042","targetHints":{"allow":["GET"]}}],"collection":[{"href":"https:\/\/indie.rent\/catalogue\/wp-json\/wp\/v2\/product"}],"about":[{"href":"https:\/\/indie.rent\/catalogue\/wp-json\/wp\/v2\/types\/product"}],"version-history":[{"count":0,"href":"https:\/\/indie.rent\/catalogue\/wp-json\/wp\/v2\/product\/1042\/revisions"}],"wp:featuredmedia":[{"embeddable":true,"href":"https:\/\/indie.rent\/catalogue\/wp-json\/wp\/v2\/media\/2519"}],"wp:attachment":[{"href":"https:\/\/indie.rent\/catalogue\/wp-json\/wp\/v2\/media?parent=1042"}],"wp:term":[{"taxonomy":"product_brand","embeddable":true,"href":"https:\/\/indie.rent\/catalogue\/wp-json\/wp\/v2\/product_brand?post=1042"},{"taxonomy":"product_cat","embeddable":true,"href":"https:\/\/indie.rent\/catalogue\/wp-json\/wp\/v2\/product_cat?post=1042"},{"taxonomy":"product_tag","embeddable":true,"href":"https:\/\/indie.rent\/catalogue\/wp-json\/wp\/v2\/product_tag?post=1042"}],"curies":[{"name":"wp","href":"https:\/\/api.w.org\/{rel}","templated":true}]}}