{"id":1041,"date":"2025-01-10T17:27:50","date_gmt":"2025-01-10T16:27:50","guid":{"rendered":"https:\/\/indie.rent\/catalogue\/produit\/extincteur-a-eau-pulverisee-avec-additif\/"},"modified":"2026-04-15T17:31:57","modified_gmt":"2026-04-15T15:31:57","slug":"extincteur-a-eau-pulverisee-avec-additif","status":"publish","type":"product","link":"https:\/\/indie.rent\/catalogue\/produit\/extincteur-a-eau-pulverisee-avec-additif\/","title":{"rendered":"Extincteur \u00e0 eau pulv\u00e9ris\u00e9e avec additif"},"content":{"rendered":"<p>Type d&#8217;extincteur le plus courant pour la protection g\u00e9n\u00e9rale. Il contient de l&#8217;eau additionn\u00e9e d&#8217;un additif, g\u00e9n\u00e9ralement de l&#8217;AFFF (Agent Formant Film Flottant).<\/p>\n<p>Il agit par refroidissement sur les feux de classe A d\u00fb aux fines gouttelettes qui au contact du foyer se vaporisent en absorbant la chaleur d\u00e9gag\u00e9e et par \u00e9touffement sur les feux de classe B gr\u00e2ce \u00e0 la formation d&#8217;un Film Flottant qui isole les vapeurs du combustible et de l&#8217;oxyg\u00e8ne de l&#8217;air.<\/p>\n<p>Sur les feux d&#8217;origine \u00e9lectrique, l&#8217;eau pulv\u00e9ris\u00e9e est utilisable en pr\u00e9sence d&#8217;une tension inf\u00e9rieur \u00e0 1000 Volts, car l&#8217;eau est pulv\u00e9ris\u00e9e en fines gouttelettes et le jet n&#8217;est pas conducteur.<\/p>\n<p>Retour du mat\u00e9riel non utilis\u00e9.<\/p>\n<p>En cas d&#8217;utilisation, l&#8217;extincteur sera refactur\u00e9 80\u20ac HT<\/p>\n<p>Attention : L&#8217;extincteur doit imp\u00e9rativement \u00eatre stock\u00e9 debout (position vertical \/ propulsion vers le haut)<\/p>\n","protected":false},"excerpt":{"rendered":"<p>Type d&#8217;extincteur le plus courant pour la protection g\u00e9n\u00e9rale. Il contient de l&#8217;eau additionn\u00e9e d&#8217;un additif, g\u00e9n\u00e9ralement de l&#8217;AFFF (Agent Formant Film Flottant). Il agit par refroidissement sur les feux de classe A d\u00fb aux fines gouttelettes qui au contact du foyer se vaporisent en absorbant la chaleur d\u00e9gag\u00e9e et par \u00e9touffement sur les feux [&hellip;]<\/p>\n","protected":false},"featured_media":3602,"template":"","meta":{"inline_featured_image":false},"product_brand":[],"product_cat":[2153],"product_tag":[],"class_list":{"0":"post-1041","1":"product","2":"type-product","3":"status-publish","4":"has-post-thumbnail","6":"product_cat-incendie","8":"first","9":"instock","10":"taxable","11":"shipping-taxable","12":"purchasable","13":"product-type-rentable"},"acf":[],"_links":{"self":[{"href":"https:\/\/indie.rent\/catalogue\/wp-json\/wp\/v2\/product\/1041","targetHints":{"allow":["GET"]}}],"collection":[{"href":"https:\/\/indie.rent\/catalogue\/wp-json\/wp\/v2\/product"}],"about":[{"href":"https:\/\/indie.rent\/catalogue\/wp-json\/wp\/v2\/types\/product"}],"version-history":[{"count":0,"href":"https:\/\/indie.rent\/catalogue\/wp-json\/wp\/v2\/product\/1041\/revisions"}],"wp:featuredmedia":[{"embeddable":true,"href":"https:\/\/indie.rent\/catalogue\/wp-json\/wp\/v2\/media\/3602"}],"wp:attachment":[{"href":"https:\/\/indie.rent\/catalogue\/wp-json\/wp\/v2\/media?parent=1041"}],"wp:term":[{"taxonomy":"product_brand","embeddable":true,"href":"https:\/\/indie.rent\/catalogue\/wp-json\/wp\/v2\/product_brand?post=1041"},{"taxonomy":"product_cat","embeddable":true,"href":"https:\/\/indie.rent\/catalogue\/wp-json\/wp\/v2\/product_cat?post=1041"},{"taxonomy":"product_tag","embeddable":true,"href":"https:\/\/indie.rent\/catalogue\/wp-json\/wp\/v2\/product_tag?post=1041"}],"curies":[{"name":"wp","href":"https:\/\/api.w.org\/{rel}","templated":true}]}}