{"id":1040,"date":"2025-01-10T17:27:50","date_gmt":"2025-01-10T16:27:50","guid":{"rendered":"https:\/\/indie.rent\/catalogue\/produit\/extincteur-co2\/"},"modified":"2026-04-15T17:30:52","modified_gmt":"2026-04-15T15:30:52","slug":"extincteur-co2","status":"publish","type":"product","link":"https:\/\/indie.rent\/catalogue\/produit\/extincteur-co2\/","title":{"rendered":"Extincteur Co2"},"content":{"rendered":"<p>Extincteur CO2 id\u00e9al pour les incendies d&#8217;origines \u00e9lectriques ou de liquides enflamm\u00e9s. <\/p>\n<p>Retour du mat\u00e9riel non utilis\u00e9.<\/p>\n<p>En cas d&#8217;utilisation, l&#8217;extincteur sera refactur\u00e9 80\u20ac HT<\/p>\n<p>Attention : L&#8217;extincteur doit imp\u00e9rativement \u00eatre stock\u00e9 debout (position vertical \/ propulsion vers le haut)<\/p>\n","protected":false},"excerpt":{"rendered":"<p>Extincteur CO2 id\u00e9al pour les incendies d&#8217;origines \u00e9lectriques ou de liquides enflamm\u00e9s. Retour du mat\u00e9riel non utilis\u00e9. En cas d&#8217;utilisation, l&#8217;extincteur sera refactur\u00e9 80\u20ac HT Attention : L&#8217;extincteur doit imp\u00e9rativement \u00eatre stock\u00e9 debout (position vertical \/ propulsion vers le haut)<\/p>\n","protected":false},"featured_media":3597,"template":"","meta":{"inline_featured_image":false},"product_brand":[],"product_cat":[2153],"product_tag":[],"class_list":{"0":"post-1040","1":"product","2":"type-product","3":"status-publish","4":"has-post-thumbnail","6":"product_cat-incendie","8":"first","9":"instock","10":"taxable","11":"shipping-taxable","12":"purchasable","13":"product-type-rentable"},"acf":[],"_links":{"self":[{"href":"https:\/\/indie.rent\/catalogue\/wp-json\/wp\/v2\/product\/1040","targetHints":{"allow":["GET"]}}],"collection":[{"href":"https:\/\/indie.rent\/catalogue\/wp-json\/wp\/v2\/product"}],"about":[{"href":"https:\/\/indie.rent\/catalogue\/wp-json\/wp\/v2\/types\/product"}],"version-history":[{"count":0,"href":"https:\/\/indie.rent\/catalogue\/wp-json\/wp\/v2\/product\/1040\/revisions"}],"wp:featuredmedia":[{"embeddable":true,"href":"https:\/\/indie.rent\/catalogue\/wp-json\/wp\/v2\/media\/3597"}],"wp:attachment":[{"href":"https:\/\/indie.rent\/catalogue\/wp-json\/wp\/v2\/media?parent=1040"}],"wp:term":[{"taxonomy":"product_brand","embeddable":true,"href":"https:\/\/indie.rent\/catalogue\/wp-json\/wp\/v2\/product_brand?post=1040"},{"taxonomy":"product_cat","embeddable":true,"href":"https:\/\/indie.rent\/catalogue\/wp-json\/wp\/v2\/product_cat?post=1040"},{"taxonomy":"product_tag","embeddable":true,"href":"https:\/\/indie.rent\/catalogue\/wp-json\/wp\/v2\/product_tag?post=1040"}],"curies":[{"name":"wp","href":"https:\/\/api.w.org\/{rel}","templated":true}]}}